{"id":7542,"date":"2021-11-29T09:12:36","date_gmt":"2021-11-29T08:12:36","guid":{"rendered":"https:\/\/swisskeypartners.ch\/offerta\/backup-cloud\/"},"modified":"2022-02-04T11:51:54","modified_gmt":"2022-02-04T10:51:54","slug":"backup-cloud","status":"publish","type":"page","link":"https:\/\/swisskeypartners.ch\/it\/offerta\/backup-cloud\/","title":{"rendered":"mySKP Backup"},"content":{"rendered":"<p><div class=\"fusion-fullwidth fullwidth-box fusion-builder-row-1 fusion-flex-container nonhundred-percent-fullwidth non-hundred-percent-height-scrolling\" style=\"background-color: #ffffff;background-position: center center;background-repeat: no-repeat;border-width: 0px 0px 0px 0px;border-color:#eae9e9;border-style:solid;\" ><div class=\"fusion-builder-row fusion-row fusion-flex-align-items-flex-start\" style=\"max-width:calc( 1170px + 0px );margin-left: calc(-0px \/ 2 );margin-right: calc(-0px \/ 2 );\"><div class=\"fusion-layout-column fusion_builder_column fusion-builder-column-0 fusion_builder_column_1_1 1_1 fusion-flex-column\"><div class=\"fusion-column-wrapper fusion-flex-justify-content-flex-start fusion-content-layout-column\" style=\"background-position:left top;background-repeat:no-repeat;-webkit-background-size:cover;-moz-background-size:cover;-o-background-size:cover;background-size:cover;padding: 0px 0px 0px 0px;\"><style type=\"text\/css\">@media only screen and (max-width:1024px) {.fusion-title.fusion-title-1{margin-top:0px!important; margin-right:!important;margin-bottom:30px!important;margin-left:!important;}}<\/style><div class=\"fusion-title title fusion-title-1 fusion-title-center fusion-title-text fusion-title-size-two\" style=\"margin-top:0px;margin-bottom:30px;\"><div class=\"title-sep-container title-sep-container-left\"><div class=\"title-sep sep-\" style=\"border-color:#e0dede;\"><\/div><\/div><span class=\"awb-title-spacer\"><\/span><h2 class=\"title-heading-center fusion-responsive-typography-calculated\" style=\"margin:0;--fontSize:38;line-height:1.2;\">Offerta di backup e archiviazione cloud<\/h2><span class=\"awb-title-spacer\"><\/span><div class=\"title-sep-container title-sep-container-right\"><div class=\"title-sep sep-\" style=\"border-color:#e0dede;\"><\/div><\/div><\/div><div class=\"fusion-text fusion-text-1\" style=\"text-transform:none;\"><p style=\"text-align: center\">La protezione dei dati, il backup e il cloud sono un servizio per le aziende, pubblico<br \/>\nIstituzioni e altre societ\u00e0 offerte in esclusiva.<\/p>\n<p style=\"text-align: center\">Eseguire il backup dei dati significa copiare i dati in un&#8217;altra posizione in un formato crittografato e crittografato per motivi di sicurezza.<br \/>\nQuesto \u00e8 l&#8217;unico modo per garantire che sarai in grado di accedere ai tuoi dati in caso di smarrimento. Che si tratti di un guasto hardware, a causa di pericoli naturali o dei crescenti pericoli di Internet a causa di attacchi informatici.<\/p>\n<p style=\"text-align: center\">I tuoi dati crittografati sono archiviati in modo sicuro con noi e sono disponibili per essere richiamati in qualsiasi momento, nel caso in cui dipendi da un backup.<\/p>\n<\/div><\/div><style type=\"text\/css\">.fusion-body .fusion-builder-column-0{width:100% !important;margin-top : 0px;margin-bottom : 3px;}.fusion-builder-column-0 > .fusion-column-wrapper {padding-top : 0px !important;padding-right : 0px !important;margin-right : 0px;padding-bottom : 0px !important;padding-left : 0px !important;margin-left : 0px;}@media only screen and (max-width:1024px) {.fusion-body .fusion-builder-column-0{width:100% !important;}.fusion-builder-column-0 > .fusion-column-wrapper {margin-right : 0px;margin-left : 0px;}}@media only screen and (max-width:640px) {.fusion-body .fusion-builder-column-0{width:100% !important;}.fusion-builder-column-0 > .fusion-column-wrapper {margin-right : 0px;margin-left : 0px;}}<\/style><\/div><\/div><style type=\"text\/css\">.fusion-body .fusion-flex-container.fusion-builder-row-1{ padding-top : 0px;margin-top : 0px;padding-right : 0px;padding-bottom : 40px;margin-bottom : 0px;padding-left : 0px;}<\/style><\/div><div class=\"fusion-fullwidth fullwidth-box fusion-builder-row-2 fusion-flex-container fusion-parallax-none nonhundred-percent-fullwidth non-hundred-percent-height-scrolling lazyload\" style=\"background-color: #ffffff;background-position: center top;background-repeat: no-repeat;border-width: 0px 0px 0px 0px;border-color:#eae9e9;border-style:solid;-webkit-background-size:cover;-moz-background-size:cover;-o-background-size:cover;background-size:cover;\" data-bg=\"https:\/\/swisskeypartners.ch\/wp-content\/uploads\/2021\/10\/mskp-backup-02.jpg\" ><div class=\"fusion-builder-row fusion-row fusion-flex-align-items-stretch\" style=\"max-width:1216.8px;margin-left: calc(-4% \/ 2 );margin-right: calc(-4% \/ 2 );\"><div class=\"fusion-layout-column fusion_builder_column fusion-builder-column-1 fusion_builder_column_1_1 1_1 fusion-flex-column\"><div class=\"fusion-column-wrapper fusion-flex-justify-content-flex-start fusion-content-layout-column\" style=\"background-position:left top;background-repeat:no-repeat;-webkit-background-size:cover;-moz-background-size:cover;-o-background-size:cover;background-size:cover;padding: 0px 0px 0px 0px;\"><div class=\"fusion-text fusion-text-2\" style=\"text-transform:none;\"><h2 style=\"text-align: center\">PERSONALIZZATO SU MISURA ALLE TUE ESIGENZE<\/h2>\n<\/div><\/div><style type=\"text\/css\">.fusion-body .fusion-builder-column-1{width:100% !important;margin-top : 0px;margin-bottom : 20px;}.fusion-builder-column-1 > .fusion-column-wrapper {padding-top : 0px !important;padding-right : 0px !important;margin-right : 1.92%;padding-bottom : 0px !important;padding-left : 0px !important;margin-left : 1.92%;}@media only screen and (max-width:1024px) {.fusion-body .fusion-builder-column-1{width:100% !important;order : 0;}.fusion-builder-column-1 > .fusion-column-wrapper {margin-right : 1.92%;margin-left : 1.92%;}}@media only screen and (max-width:640px) {.fusion-body .fusion-builder-column-1{width:100% !important;order : 0;}.fusion-builder-column-1 > .fusion-column-wrapper {margin-right : 1.92%;margin-left : 1.92%;}}<\/style><\/div><div class=\"fusion-layout-column fusion_builder_column fusion-builder-column-2 fusion_builder_column_1_4 1_4 fusion-flex-column\"><div class=\"fusion-column-wrapper fusion-column-has-shadow fusion-flex-justify-content-flex-start fusion-content-layout-column\" style=\"background-position:left top;background-repeat:no-repeat;-webkit-background-size:cover;-moz-background-size:cover;-o-background-size:cover;background-size:cover;border-radius:4px 4px 4px 4px;background-color:#d3d3d3;border-width: 2px 2px 2px 2px;border-color:#ffffff;border-style:solid;border-radius:4px 4px 4px 4px;overflow:hidden;box-shadow:2px 2px 2px ;;padding: 7px 7px 7px 7px;\"><div class=\"fusion-text fusion-text-3\" style=\"text-transform:none;\"><h3 class=\"fusion-responsive-typography-calculated\" style=\"text-align: center\" data-fontsize=\"28\" data-lineheight=\"44.8px\">Archiviazione di backup<\/h3>\n<\/div><div class=\"fusion-text fusion-text-4\" style=\"text-transform:none;\"><p><img decoding=\"async\" class=\"lazyload alignnone wp-image-5758 aligncenter\" src=\"https:\/\/swisskeypartners.ch\/wp-content\/uploads\/2021\/11\/backup-300x300.png\" data-orig-src=\"https:\/\/swisskeypartners.ch\/wp-content\/uploads\/2021\/11\/backup-300x300.png\" alt=\"\" width=\"200\" height=\"200\" srcset=\"data:image\/svg+xml,%3Csvg%20xmlns%3D%27http%3A%2F%2Fwww.w3.org%2F2000%2Fsvg%27%20width%3D%27200%27%20height%3D%27200%27%20viewBox%3D%270%200%20200%20200%27%3E%3Crect%20width%3D%27200%27%20height%3D%27200%27%20fill-opacity%3D%220%22%2F%3E%3C%2Fsvg%3E\" data-srcset=\"https:\/\/swisskeypartners.ch\/wp-content\/uploads\/2021\/11\/backup-66x66.png 66w, https:\/\/swisskeypartners.ch\/wp-content\/uploads\/2021\/11\/backup-150x150.png 150w, https:\/\/swisskeypartners.ch\/wp-content\/uploads\/2021\/11\/backup-200x200.png 200w, https:\/\/swisskeypartners.ch\/wp-content\/uploads\/2021\/11\/backup-300x300.png 300w, https:\/\/swisskeypartners.ch\/wp-content\/uploads\/2021\/11\/backup-400x400.png 400w, https:\/\/swisskeypartners.ch\/wp-content\/uploads\/2021\/11\/backup.png 512w\" data-sizes=\"auto\" data-orig-sizes=\"(max-width: 200px) 100vw, 200px\" \/><\/p>\n<\/div><div class=\"fusion-text fusion-text-5\" style=\"text-transform:none;\"><ul>\n<li>On &amp; Offline Backup<\/li>\n<li>Cold Storage<\/li>\n<li>Disaster Recovery<\/li>\n<\/ul>\n<\/div><\/div><style type=\"text\/css\">.fusion-body .fusion-builder-column-2{width:25% !important;margin-top : 0px;margin-bottom : 40px;}.fusion-builder-column-2 > .fusion-column-wrapper {padding-top : 7px !important;padding-right : 7px !important;margin-right : 7.68%;padding-bottom : 7px !important;padding-left : 7px !important;margin-left : 7.68%;}@media only screen and (max-width:1024px) {.fusion-body .fusion-builder-column-2{width:100% !important;order : 0;}.fusion-builder-column-2 > .fusion-column-wrapper {margin-right : 1.92%;margin-left : 1.92%;}}@media only screen and (max-width:640px) {.fusion-body .fusion-builder-column-2{width:100% !important;order : 0;}.fusion-builder-column-2 > .fusion-column-wrapper {margin-right : 1.92%;margin-left : 1.92%;}}<\/style><\/div><div class=\"fusion-layout-column fusion_builder_column fusion-builder-column-3 fusion_builder_column_1_4 1_4 fusion-flex-column\"><div class=\"fusion-column-wrapper fusion-column-has-shadow fusion-flex-justify-content-flex-start fusion-content-layout-column\" style=\"background-position:left top;background-repeat:no-repeat;-webkit-background-size:cover;-moz-background-size:cover;-o-background-size:cover;background-size:cover;border-radius:4px 4px 4px 4px;background-color:#d3d3d3;border-width: 2px 2px 2px 2px;border-color:#ffffff;border-style:solid;border-radius:4px 4px 4px 4px;overflow:hidden;box-shadow:2px 2px 2px #000000;;padding: 7px 7px 7px 7px;\"><div class=\"fusion-text fusion-text-6\" style=\"text-transform:none;\"><h3 class=\"fusion-responsive-typography-calculated\" style=\"text-align: center\" data-fontsize=\"28\" data-lineheight=\"44.8px\">Archiviazione cloud<\/h3>\n<\/div><div class=\"fusion-text fusion-text-7\" style=\"text-transform:none;\"><p><img decoding=\"async\" class=\"lazyload alignnone wp-image-5762 aligncenter\" src=\"https:\/\/swisskeypartners.ch\/wp-content\/uploads\/2021\/11\/cloud-300x300.png\" data-orig-src=\"https:\/\/swisskeypartners.ch\/wp-content\/uploads\/2021\/11\/cloud-300x300.png\" alt=\"\" width=\"200\" height=\"200\" srcset=\"data:image\/svg+xml,%3Csvg%20xmlns%3D%27http%3A%2F%2Fwww.w3.org%2F2000%2Fsvg%27%20width%3D%27200%27%20height%3D%27200%27%20viewBox%3D%270%200%20200%20200%27%3E%3Crect%20width%3D%27200%27%20height%3D%27200%27%20fill-opacity%3D%220%22%2F%3E%3C%2Fsvg%3E\" data-srcset=\"https:\/\/swisskeypartners.ch\/wp-content\/uploads\/2021\/11\/cloud-66x66.png 66w, https:\/\/swisskeypartners.ch\/wp-content\/uploads\/2021\/11\/cloud-150x150.png 150w, https:\/\/swisskeypartners.ch\/wp-content\/uploads\/2021\/11\/cloud-200x200.png 200w, https:\/\/swisskeypartners.ch\/wp-content\/uploads\/2021\/11\/cloud-300x300.png 300w, https:\/\/swisskeypartners.ch\/wp-content\/uploads\/2021\/11\/cloud-400x400.png 400w, https:\/\/swisskeypartners.ch\/wp-content\/uploads\/2021\/11\/cloud.png 512w\" data-sizes=\"auto\" data-orig-sizes=\"(max-width: 200px) 100vw, 200px\" \/><\/p>\n<\/div><div class=\"fusion-text fusion-text-8\" style=\"text-transform:none;\"><ul>\n<li><a href=\"https:\/\/swisskeypartners.ch\/it\/offerta\/archiviazione-cloud\/\">mySKP Cloud<\/a><\/li>\n<li>Housing<\/li>\n<li>Archivio documenti<\/li>\n<\/ul>\n<\/div><\/div><style type=\"text\/css\">.fusion-body .fusion-builder-column-3{width:25% !important;margin-top : 0px;margin-bottom : 40px;}.fusion-builder-column-3 > .fusion-column-wrapper {padding-top : 7px !important;padding-right : 7px !important;margin-right : 7.68%;padding-bottom : 7px !important;padding-left : 7px !important;margin-left : 7.68%;}@media only screen and (max-width:1024px) {.fusion-body .fusion-builder-column-3{width:100% !important;order : 0;}.fusion-builder-column-3 > .fusion-column-wrapper {margin-right : 1.92%;margin-left : 1.92%;}}@media only screen and (max-width:640px) {.fusion-body .fusion-builder-column-3{width:100% !important;order : 0;}.fusion-builder-column-3 > .fusion-column-wrapper {margin-right : 1.92%;margin-left : 1.92%;}}<\/style><\/div><div class=\"fusion-layout-column fusion_builder_column fusion-builder-column-4 fusion_builder_column_1_2 1_2 fusion-flex-column\"><div class=\"fusion-column-wrapper fusion-flex-justify-content-flex-start fusion-content-layout-column\" style=\"background-position:left top;background-repeat:no-repeat;-webkit-background-size:cover;-moz-background-size:cover;-o-background-size:cover;background-size:cover;padding: 0px 0px 0px 0px;\"><style type=\"text\/css\">@media only screen and (max-width:1024px) {.fusion-title.fusion-title-2{margin-top:0px!important; margin-right:!important;margin-bottom:30px!important;margin-left:!important;}}<\/style><div class=\"fusion-title title fusion-title-2 fusion-title-text fusion-title-size-three\" style=\"margin-top:0px;margin-bottom:30px;\"><div class=\"title-sep-container title-sep-container-left fusion-no-large-visibility fusion-no-medium-visibility fusion-no-small-visibility\"><div class=\"title-sep sep-\" style=\"border-color:#e0dede;\"><\/div><\/div><span class=\"awb-title-spacer fusion-no-large-visibility fusion-no-medium-visibility fusion-no-small-visibility\"><\/span><h3 class=\"title-heading-left fusion-responsive-typography-calculated\" style=\"margin:0;--fontSize:26;line-height:1.6;\">Informazioni aggiuntive<\/h3><span class=\"awb-title-spacer\"><\/span><div class=\"title-sep-container title-sep-container-right\"><div class=\"title-sep sep-\" style=\"border-color:#e0dede;\"><\/div><\/div><\/div><div class=\"fusion-text fusion-text-9\" style=\"text-transform:none;\"><p style=\"text-align: left\">Per ulteriori informazioni, non esitate a contattarci al numero +41 71 520 47 06. Puoi anche contattarci tramite<br \/>\ncontatta<a href=\"mailto:info@swisskeypartners.ch\">info@swisskeypartners.ch<\/a> per fissare un appuntamento personale.<\/p>\n<\/div><div ><style>.fusion-body .fusion-button.button-1{border-radius:0 0 0 0;}<\/style><a class=\"fusion-button button-flat fusion-button-default-size button-default button-1 fusion-button-default-span fusion-button-default-type\" target=\"_self\" href=\"https:\/\/swisskeypartners.ch\/it\/contatto\/\"><span class=\"fusion-button-text\">Contatto<\/span><\/a><\/div><\/div><style type=\"text\/css\">.fusion-body .fusion-builder-column-4{width:50% !important;margin-top : 0px;margin-bottom : 0px;}.fusion-builder-column-4 > .fusion-column-wrapper {padding-top : 0px !important;padding-right : 0px !important;margin-right : 3.84%;padding-bottom : 0px !important;padding-left : 0px !important;margin-left : 6.72%;}@media only screen and (max-width:1024px) {.fusion-body .fusion-builder-column-4{width:100% !important;order : 0;}.fusion-builder-column-4 > .fusion-column-wrapper {margin-right : 1.92%;margin-left : 1.92%;}}@media only screen and (max-width:640px) {.fusion-body .fusion-builder-column-4{width:100% !important;order : 0;}.fusion-builder-column-4 > .fusion-column-wrapper {margin-right : 1.92%;margin-left : 1.92%;}}<\/style><\/div><\/div><style type=\"text\/css\">.fusion-body .fusion-flex-container.fusion-builder-row-2{ padding-top : 120px;margin-top : 0px;padding-right : 0px;padding-bottom : 120px;margin-bottom : 0px;padding-left : 0px;}<\/style><\/div><\/p>\n","protected":false},"excerpt":{"rendered":"","protected":false},"author":2,"featured_media":0,"parent":7524,"menu_order":0,"comment_status":"closed","ping_status":"closed","template":"100-width.php","meta":{"footnotes":""},"class_list":["post-7542","page","type-page","status-publish","hentry"],"yoast_head":"<!-- This site is optimized with the Yoast SEO plugin v19.10 - https:\/\/yoast.com\/wordpress\/plugins\/seo\/ -->\n<title>mySKP Backup - My Swiss Key Partners AG<\/title>\n<meta name=\"description\" content=\"mySKP Backup \u00e8 la protezione dei dati, un backup, ed \u00e8 offerto come servizio per le aziende, cos\u00ec come altre societ\u00e0.\" \/>\n<meta name=\"robots\" content=\"index, follow, max-snippet:-1, max-image-preview:large, max-video-preview:-1\" \/>\n<link rel=\"canonical\" href=\"https:\/\/swisskeypartners.ch\/it\/offerta\/backup-cloud\/\" \/>\n<meta property=\"og:locale\" content=\"it_IT\" \/>\n<meta property=\"og:type\" content=\"article\" \/>\n<meta property=\"og:title\" content=\"mySKP Backup - My Swiss Key Partners AG\" \/>\n<meta property=\"og:description\" content=\"mySKP Backup \u00e8 la protezione dei dati, un backup, ed \u00e8 offerto come servizio per le aziende, cos\u00ec come altre societ\u00e0.\" \/>\n<meta property=\"og:url\" content=\"https:\/\/swisskeypartners.ch\/it\/offerta\/backup-cloud\/\" \/>\n<meta property=\"og:site_name\" content=\"My Swiss Key Partners AG\" \/>\n<meta property=\"article:modified_time\" content=\"2022-02-04T10:51:54+00:00\" \/>\n<meta property=\"og:image\" content=\"https:\/\/swisskeypartners.ch\/wp-content\/uploads\/2021\/11\/backup-300x300.png\" \/>\n<meta name=\"twitter:card\" content=\"summary_large_image\" \/>\n<meta name=\"twitter:label1\" content=\"Tempo di lettura stimato\" \/>\n\t<meta name=\"twitter:data1\" content=\"15 minuti\" \/>\n<script type=\"application\/ld+json\" class=\"yoast-schema-graph\">{\"@context\":\"https:\/\/schema.org\",\"@graph\":[{\"@type\":\"WebPage\",\"@id\":\"https:\/\/swisskeypartners.ch\/it\/offerta\/backup-cloud\/\",\"url\":\"https:\/\/swisskeypartners.ch\/it\/offerta\/backup-cloud\/\",\"name\":\"mySKP Backup - My Swiss Key Partners AG\",\"isPartOf\":{\"@id\":\"https:\/\/swisskeypartners.ch\/it\/#website\"},\"datePublished\":\"2021-11-29T08:12:36+00:00\",\"dateModified\":\"2022-02-04T10:51:54+00:00\",\"description\":\"mySKP Backup \u00e8 la protezione dei dati, un backup, ed \u00e8 offerto come servizio per le aziende, cos\u00ec come altre societ\u00e0.\",\"breadcrumb\":{\"@id\":\"https:\/\/swisskeypartners.ch\/it\/offerta\/backup-cloud\/#breadcrumb\"},\"inLanguage\":\"it-IT\",\"potentialAction\":[{\"@type\":\"ReadAction\",\"target\":[\"https:\/\/swisskeypartners.ch\/it\/offerta\/backup-cloud\/\"]}]},{\"@type\":\"BreadcrumbList\",\"@id\":\"https:\/\/swisskeypartners.ch\/it\/offerta\/backup-cloud\/#breadcrumb\",\"itemListElement\":[{\"@type\":\"ListItem\",\"position\":1,\"name\":\"Startseite\",\"item\":\"https:\/\/swisskeypartners.ch\/it\/myswisskeypartners\/\"},{\"@type\":\"ListItem\",\"position\":2,\"name\":\"Offerta\",\"item\":\"https:\/\/swisskeypartners.ch\/it\/offerta\/\"},{\"@type\":\"ListItem\",\"position\":3,\"name\":\"mySKP Backup\"}]},{\"@type\":\"WebSite\",\"@id\":\"https:\/\/swisskeypartners.ch\/it\/#website\",\"url\":\"https:\/\/swisskeypartners.ch\/it\/\",\"name\":\"My Swiss Key Partners AG\",\"description\":\"\",\"potentialAction\":[{\"@type\":\"SearchAction\",\"target\":{\"@type\":\"EntryPoint\",\"urlTemplate\":\"https:\/\/swisskeypartners.ch\/it\/?s={search_term_string}\"},\"query-input\":\"required name=search_term_string\"}],\"inLanguage\":\"it-IT\"}]}<\/script>\n<!-- \/ Yoast SEO plugin. -->","yoast_head_json":{"title":"mySKP Backup - My Swiss Key Partners AG","description":"mySKP Backup \u00e8 la protezione dei dati, un backup, ed \u00e8 offerto come servizio per le aziende, cos\u00ec come altre societ\u00e0.","robots":{"index":"index","follow":"follow","max-snippet":"max-snippet:-1","max-image-preview":"max-image-preview:large","max-video-preview":"max-video-preview:-1"},"canonical":"https:\/\/swisskeypartners.ch\/it\/offerta\/backup-cloud\/","og_locale":"it_IT","og_type":"article","og_title":"mySKP Backup - My Swiss Key Partners AG","og_description":"mySKP Backup \u00e8 la protezione dei dati, un backup, ed \u00e8 offerto come servizio per le aziende, cos\u00ec come altre societ\u00e0.","og_url":"https:\/\/swisskeypartners.ch\/it\/offerta\/backup-cloud\/","og_site_name":"My Swiss Key Partners AG","article_modified_time":"2022-02-04T10:51:54+00:00","og_image":[{"url":"https:\/\/swisskeypartners.ch\/wp-content\/uploads\/2021\/11\/backup-300x300.png"}],"twitter_card":"summary_large_image","twitter_misc":{"Tempo di lettura stimato":"15 minuti"},"schema":{"@context":"https:\/\/schema.org","@graph":[{"@type":"WebPage","@id":"https:\/\/swisskeypartners.ch\/it\/offerta\/backup-cloud\/","url":"https:\/\/swisskeypartners.ch\/it\/offerta\/backup-cloud\/","name":"mySKP Backup - My Swiss Key Partners AG","isPartOf":{"@id":"https:\/\/swisskeypartners.ch\/it\/#website"},"datePublished":"2021-11-29T08:12:36+00:00","dateModified":"2022-02-04T10:51:54+00:00","description":"mySKP Backup \u00e8 la protezione dei dati, un backup, ed \u00e8 offerto come servizio per le aziende, cos\u00ec come altre societ\u00e0.","breadcrumb":{"@id":"https:\/\/swisskeypartners.ch\/it\/offerta\/backup-cloud\/#breadcrumb"},"inLanguage":"it-IT","potentialAction":[{"@type":"ReadAction","target":["https:\/\/swisskeypartners.ch\/it\/offerta\/backup-cloud\/"]}]},{"@type":"BreadcrumbList","@id":"https:\/\/swisskeypartners.ch\/it\/offerta\/backup-cloud\/#breadcrumb","itemListElement":[{"@type":"ListItem","position":1,"name":"Startseite","item":"https:\/\/swisskeypartners.ch\/it\/myswisskeypartners\/"},{"@type":"ListItem","position":2,"name":"Offerta","item":"https:\/\/swisskeypartners.ch\/it\/offerta\/"},{"@type":"ListItem","position":3,"name":"mySKP Backup"}]},{"@type":"WebSite","@id":"https:\/\/swisskeypartners.ch\/it\/#website","url":"https:\/\/swisskeypartners.ch\/it\/","name":"My Swiss Key Partners AG","description":"","potentialAction":[{"@type":"SearchAction","target":{"@type":"EntryPoint","urlTemplate":"https:\/\/swisskeypartners.ch\/it\/?s={search_term_string}"},"query-input":"required name=search_term_string"}],"inLanguage":"it-IT"}]}},"_links":{"self":[{"href":"https:\/\/swisskeypartners.ch\/it\/wp-json\/wp\/v2\/pages\/7542","targetHints":{"allow":["GET"]}}],"collection":[{"href":"https:\/\/swisskeypartners.ch\/it\/wp-json\/wp\/v2\/pages"}],"about":[{"href":"https:\/\/swisskeypartners.ch\/it\/wp-json\/wp\/v2\/types\/page"}],"author":[{"embeddable":true,"href":"https:\/\/swisskeypartners.ch\/it\/wp-json\/wp\/v2\/users\/2"}],"replies":[{"embeddable":true,"href":"https:\/\/swisskeypartners.ch\/it\/wp-json\/wp\/v2\/comments?post=7542"}],"version-history":[{"count":48,"href":"https:\/\/swisskeypartners.ch\/it\/wp-json\/wp\/v2\/pages\/7542\/revisions"}],"predecessor-version":[{"id":10196,"href":"https:\/\/swisskeypartners.ch\/it\/wp-json\/wp\/v2\/pages\/7542\/revisions\/10196"}],"up":[{"embeddable":true,"href":"https:\/\/swisskeypartners.ch\/it\/wp-json\/wp\/v2\/pages\/7524"}],"wp:attachment":[{"href":"https:\/\/swisskeypartners.ch\/it\/wp-json\/wp\/v2\/media?parent=7542"}],"curies":[{"name":"wp","href":"https:\/\/api.w.org\/{rel}","templated":true}]}}