{"id":7498,"date":"2021-11-24T08:37:30","date_gmt":"2021-11-24T07:37:30","guid":{"rendered":"https:\/\/swisskeypartners.ch\/protezione-dati\/"},"modified":"2021-11-29T09:27:50","modified_gmt":"2021-11-29T08:27:50","slug":"protezione-dati","status":"publish","type":"page","link":"https:\/\/swisskeypartners.ch\/it\/protezione-dati\/","title":{"rendered":"Protezione dati"},"content":{"rendered":"<div class=\"fusion-fullwidth fullwidth-box fusion-builder-row-1 fusion-flex-container nonhundred-percent-fullwidth non-hundred-percent-height-scrolling\" style=\"background-color: #ffffff;background-position: center center;background-repeat: no-repeat;border-width: 0px 0px 0px 0px;border-color:#eae9e9;border-style:solid;\" ><div class=\"fusion-builder-row fusion-row fusion-flex-align-items-flex-start\" style=\"max-width:1216.8px;margin-left: calc(-4% \/ 2 );margin-right: calc(-4% \/ 2 );\"><div class=\"fusion-layout-column fusion_builder_column fusion-builder-column-0 fusion_builder_column_3_4 3_4 fusion-flex-column\"><div class=\"fusion-column-wrapper fusion-flex-justify-content-flex-start fusion-content-layout-column\" style=\"background-position:left top;background-repeat:no-repeat;-webkit-background-size:cover;-moz-background-size:cover;-o-background-size:cover;background-size:cover;padding: 0px 0px 0px 0px;\"><div class=\"fusion-text fusion-text-1\" style=\"text-transform:none;\"><h2>Legale<\/h2>\n<p>Questo sito web \u00e8 soggetto alla legge svizzera sulla protezione dei dati e, se applicabile, ad altre disposizioni sulla protezione dei dati come il regolamento generale sulla protezione dei dati dell&#8217;Unione europea (GDPR).<\/p>\n<p>La presente dichiarazione sulla protezione dei dati pubblicata su questo sito Web pu\u00f2 essere modificata in qualsiasi momento senza preavviso.<\/p>\n<h2><img decoding=\"async\" class=\"lazyload alignnone wp-image-4050\" src=\"data:image\/svg+xml,%3Csvg%20xmlns%3D%27http%3A%2F%2Fwww.w3.org%2F2000%2Fsvg%27%20width%3D%2716%27%20height%3D%2716%27%20viewBox%3D%270%200%2016%2016%27%3E%3Crect%20width%3D%2716%27%20height%3D%2716%27%20fill-opacity%3D%220%22%2F%3E%3C%2Fsvg%3E\" data-orig-src=\"https:\/\/swisskeypartners.ch\/wp-content\/uploads\/2021\/10\/favicon.png\" alt=\"Svizzera Logo\" width=\"16\" height=\"16\">diritto d&#8217;autore<\/h2>\n<p>\u00c8 vietato riprodurre, trasmettere o divulgare a fini commerciali i contenuti del presente sito; in caso di loro utilizzo desideriamo esserne informati.<\/p>\n<p>L\u2019utilizzo delle fotografie non \u00e8 consentito indiscriminatamente, ma a seconda del contesto d\u2019uso e a condizione che venga menzionato il copyright. Il logo della mySwissKeyPartners \u00e8 protetto e il suo utilizzo \u00e8 vietato.<\/p>\n<p>Per qualsiasi domanda relativa ai diritti d\u2019autore e all\u2019uso del nostro materiale \u00e8 possibile contattarci all\u2019indirizzo <a href=\"mailto:info@swisskeypartners.ch\">info@swisskeypartners.ch<\/a>.<\/p>\n<h2><img decoding=\"async\" class=\"lazyload alignnone wp-image-4050\" src=\"data:image\/svg+xml,%3Csvg%20xmlns%3D%27http%3A%2F%2Fwww.w3.org%2F2000%2Fsvg%27%20width%3D%2716%27%20height%3D%2716%27%20viewBox%3D%270%200%2016%2016%27%3E%3Crect%20width%3D%2716%27%20height%3D%2716%27%20fill-opacity%3D%220%22%2F%3E%3C%2Fsvg%3E\" data-orig-src=\"https:\/\/swisskeypartners.ch\/wp-content\/uploads\/2021\/10\/favicon.png\" alt=\"Svizzera Logo\" width=\"16\" height=\"16\">Responsabilit\u00e0<\/h2>\n<p>mySwissKeyPartners \u00e8 molto attenta alla correttezza delle informazioni divulgate su questo sito, ma declina qualsiasi responsabilit\u00e0 per quanto riguarda la loro fedelt\u00e0, esattezza, attualit\u00e0, affidabilit\u00e0 e integrit\u00e0. Si riserva espressamente il diritto, in qualsivoglia momento e senza preavviso, di modificare in parte o integralmente il contenuto del sito, di sopprimerlo o di sospenderne temporaneamente la diffusione.<\/p>\n<p>mySwissKeyPartners non risponde dei danni materiali o immateriali che potrebbero derivare dall\u2019accesso alle informazioni divulgate o dal loro utilizzo o non-utilizzo, da un uso illecito della connessione o da guasti tecnici.<\/p>\n<h2><img decoding=\"async\" class=\"lazyload alignnone wp-image-4050\" src=\"data:image\/svg+xml,%3Csvg%20xmlns%3D%27http%3A%2F%2Fwww.w3.org%2F2000%2Fsvg%27%20width%3D%2716%27%20height%3D%2716%27%20viewBox%3D%270%200%2016%2016%27%3E%3Crect%20width%3D%2716%27%20height%3D%2716%27%20fill-opacity%3D%220%22%2F%3E%3C%2Fsvg%3E\" data-orig-src=\"https:\/\/swisskeypartners.ch\/wp-content\/uploads\/2021\/10\/favicon.png\" alt=\"Svizzera Logo\" width=\"16\" height=\"16\">Rimandi e link<\/h2>\n<p>I rimandi e i link verso altri siti Internet non rientrano nella sfera di responsabilit\u00e0 di mySwissKeyPartners. L\u2019accesso a tali siti e il loro utilizzo avvengono a rischio degli utenti. mSwissKeyPartners dichiara espressamente di non avere alcuna influenza sulla forma, sul contenuto e sulle offerte dei siti cui rimanda. La responsabilit\u00e0 delle informazioni e dei servizi proposti da tali siti ricade unicamente sui loro autori.<\/p>\n<h2><img decoding=\"async\" class=\"lazyload alignnone wp-image-4050\" src=\"data:image\/svg+xml,%3Csvg%20xmlns%3D%27http%3A%2F%2Fwww.w3.org%2F2000%2Fsvg%27%20width%3D%2716%27%20height%3D%2716%27%20viewBox%3D%270%200%2016%2016%27%3E%3Crect%20width%3D%2716%27%20height%3D%2716%27%20fill-opacity%3D%220%22%2F%3E%3C%2Fsvg%3E\" data-orig-src=\"https:\/\/swisskeypartners.ch\/wp-content\/uploads\/2021\/10\/favicon.png\" alt=\"Svizzera Logo\" width=\"16\" height=\"16\">Protezione dei dati<\/h2>\n<p>L\u2019articolo 13 della Costituzione federale e le disposizioni di legge della Confederazione Svizzera sulla protezione dei dati stabiliscono che ognuno ha diritto al rispetto della sua vita privata e d\u2019essere protetto da un impiego abusivo dei suoi dati personali. mySwissKeyPartners si attengono rigorosamente a queste disposizioni. I dati personali sono trattati con la massima riservatezza e non vengono venduti n\u00e9 ceduti a terzi.<\/p>\n<p>In stretta collaborazione con i nostri fornitori di hosting, ci impegniamo per proteggere al meglio le nostre banche dati da intrusioni esterne, perdite, uso improprio e falsificazioni.<\/p>\n<p>Quando accedete al nostro sito web, vengono registrati i dati seguenti: indirizzo IP, data, ora, numerazione del browser e altre informazioni che vengono generalmente trasmesse al sistema operativo o al browser.<\/p>\n<p>Questi dati consentono alle autorit\u00e0 federali di effettuare valutazioni statistiche anonime per individuare le tendenze e migliorare di conseguenza l\u2019offerta. La legge federale sulla sorveglianza della corrispondenza postale e del traffico delle telecomunicazioni (LSCPT) prevede l\u2019obbligo legale di conservare i dati di connessione per almeno sei mesi.<\/p>\n<p>Per migliorare la nostra offerta online utilizziamo il servizio di analisi di siti Internet Matomo (ex Piwik). Nessun dato viene trattato per altri scopi o comunicato a terzi.<\/p>\n<p>Tuttavia, queste regole non si applicano se i contatti sono stabiliti volontariamente. Quando registrate il vostro indirizzo e-mail, quest\u2019ultimo viene memorizzato in un database separato, che non \u00e8 collegato ai file di registro anonimi. Potete cancellare la registrazione in qualsiasi momento.<\/p>\n<p>Potete opporvi al tracciamento della vostra navigazione su questo sito web. Cos\u00ec facendo proteggerete la vostra privacy, ma impedirete anche al proprietario del sito di imparare dalle vostre azioni e di creare un\u2019esperienza migliore per voi e per gli altri utenti.<code><\/code><\/p>\n<h2><img decoding=\"async\" class=\"lazyload alignnone wp-image-4050\" src=\"data:image\/svg+xml,%3Csvg%20xmlns%3D%27http%3A%2F%2Fwww.w3.org%2F2000%2Fsvg%27%20width%3D%2716%27%20height%3D%2716%27%20viewBox%3D%270%200%2016%2016%27%3E%3Crect%20width%3D%2716%27%20height%3D%2716%27%20fill-opacity%3D%220%22%2F%3E%3C%2Fsvg%3E\" data-orig-src=\"https:\/\/swisskeypartners.ch\/wp-content\/uploads\/2021\/10\/favicon.png\" alt=\"Svizzera Logo\" width=\"16\" height=\"16\">Organismo responsabile e contatto<\/h2>\n<p>L&#8217;organismo responsabile per la raccolta, l&#8217;elaborazione e l&#8217;utilizzo dei dati personali ai sensi delle norme sulla protezione dei dati \u00e8<\/p>\n<p>mySwissKeyPartner SA\nHauptstrasse 57\n9422 Staad<\/p>\n<\/div><\/div><style type=\"text\/css\">.fusion-body .fusion-builder-column-0{width:75% !important;margin-top : 0px;margin-bottom : 20px;}.fusion-builder-column-0 > .fusion-column-wrapper {padding-top : 0px !important;padding-right : 0px !important;margin-right : 2.56%;padding-bottom : 0px !important;padding-left : 0px !important;margin-left : 2.56%;}@media only screen and (max-width:1024px) {.fusion-body .fusion-builder-column-0{width:100% !important;order : 0;}.fusion-builder-column-0 > .fusion-column-wrapper {margin-right : 1.92%;margin-left : 1.92%;}}@media only screen and (max-width:640px) {.fusion-body .fusion-builder-column-0{width:100% !important;order : 0;}.fusion-builder-column-0 > .fusion-column-wrapper {margin-right : 1.92%;margin-left : 1.92%;}}<\/style><\/div><div class=\"fusion-layout-column fusion_builder_column fusion-builder-column-1 fusion_builder_column_1_4 1_4 fusion-flex-column fusion-no-small-visibility\"><div class=\"fusion-column-wrapper fusion-flex-justify-content-flex-start fusion-content-layout-column\" style=\"background-position:left top;background-repeat:no-repeat;-webkit-background-size:cover;-moz-background-size:cover;-o-background-size:cover;background-size:cover;padding: 0px 0px 0px 0px;\"><div class=\"fusion-text fusion-text-2\" style=\"text-transform:none;\"><ul>\n<li><strong>Protezione dati<\/strong><\/li>\n<li><a href=\"https:\/\/swisskeypartners.ch\/it\/mappa-del-sito\/\">Mappa del sito<\/a><\/li>\n<li><a href=\"https:\/\/swisskeypartners.ch\/it\/impronta\/\">Impronta<\/a><\/li>\n<\/ul>\n<\/div><\/div><style type=\"text\/css\">.fusion-body .fusion-builder-column-1{width:25% !important;margin-top : 50px;margin-bottom : 20px;}.fusion-builder-column-1 > .fusion-column-wrapper {padding-top : 0px !important;padding-right : 0px !important;margin-right : 15.36%;padding-bottom : 0px !important;padding-left : 0px !important;margin-left : 7.68%;}@media only screen and (max-width:1024px) {.fusion-body .fusion-builder-column-1{width:100% !important;order : 0;}.fusion-builder-column-1 > .fusion-column-wrapper {margin-right : 1.92%;margin-left : 1.92%;}}@media only screen and (max-width:640px) {.fusion-body .fusion-builder-column-1{width:100% !important;order : 0;}.fusion-builder-column-1 > .fusion-column-wrapper {margin-right : 1.92%;margin-left : 1.92%;}}<\/style><\/div><div class=\"fusion-layout-column fusion_builder_column fusion-builder-column-2 fusion_builder_column_1_1 1_1 fusion-flex-column\"><div class=\"fusion-column-wrapper fusion-flex-justify-content-flex-start fusion-content-layout-column\" style=\"background-position:left top;background-repeat:no-repeat;-webkit-background-size:cover;-moz-background-size:cover;-o-background-size:cover;background-size:cover;padding: 0px 0px 0px 0px;\"><div class=\"fusion-separator fusion-full-width-sep\" style=\"align-self: center;margin-left: auto;margin-right: auto;margin-top:20px;margin-bottom:20px;width:100%;\"><div class=\"fusion-separator-border sep-single sep-solid\" style=\"border-color:#a8a6a6;border-top-width:1px;\"><\/div><\/div><div class=\"fusion-text fusion-text-3\" style=\"text-transform:none;\"><p><code><p id=\"matomo_opted_out_intro\" style=\"display:none;\">Opt-out abgeschlossen; Ihre Besuche auf dieser Webseite werden nicht vom Webanalysetool erfasst. Bitte beachten Sie, dass auch der Matomo-Deaktivierungs-Cookie dieser Webseite gel\u00f6scht wird, wenn Sie die in Ihrem Browser abgelegten Cookies entfernen. Au\u00dferdem m\u00fcssen Sie, wenn Sie einen anderen Computer oder einen anderen Webbrowser verwenden, die Deaktivierungsprozedur nochmals absolvieren.<\/p><p id=\"matomo_opted_in_intro\" >Sie haben die M\u00f6glichkeit zu verhindern, dass von Ihnen hier get\u00e4tigte Aktionen analysiert und verkn\u00fcpft werden. Dies wird Ihre Privatsph\u00e4re sch\u00fctzen, aber wird auch den Besitzer daran hindern, aus Ihren Aktionen zu lernen und die Bedienbarkeit f\u00fcr Sie und andere Benutzer zu verbessern.<\/p><form>\n        <input type=\"checkbox\" id=\"matomo_optout_checkbox\" checked=\"checked\"\/>\n        <label for=\"matomo_optout_checkbox\"><strong>\n        <span id=\"matomo_opted_in_label\" >Ihr Besuch dieser Webseite wird aktuell von der Matomo Webanalyse erfasst. Diese Checkbox abw\u00e4hlen f\u00fcr Opt-Out.<\/span>\n\t\t<span id=\"matomo_opted_out_label\" style=\"display:none;\">Ihr Besuch dieser Webseite wird aktuell von der Matomo Webanalyse nicht erfasst. Diese Checkbox aktivieren f\u00fcr Opt-In.<\/span>\n        <\/strong><\/label><\/form><noscript><p><strong style=\"color: #ff0000;\">This opt out feature requires JavaScript.<\/strong><\/p><\/noscript><p id=\"matomo_outout_err_cookies\" style=\"display: none;\"><strong>Die Tracking opt-out Funktion ben\u00f6tigt aktivierte Cookies.<\/strong><\/p><\/code><\/p>\n<\/div><\/div><style type=\"text\/css\">.fusion-body .fusion-builder-column-2{width:100% !important;margin-top : 0px;margin-bottom : 20px;}.fusion-builder-column-2 > .fusion-column-wrapper {padding-top : 0px !important;padding-right : 0px !important;margin-right : 1.92%;padding-bottom : 0px !important;padding-left : 0px !important;margin-left : 1.92%;}@media only screen and (max-width:1024px) {.fusion-body .fusion-builder-column-2{width:100% !important;order : 0;}.fusion-builder-column-2 > .fusion-column-wrapper {margin-right : 1.92%;margin-left : 1.92%;}}@media only screen and (max-width:640px) {.fusion-body .fusion-builder-column-2{width:100% !important;order : 0;}.fusion-builder-column-2 > .fusion-column-wrapper {margin-right : 1.92%;margin-left : 1.92%;}}<\/style><\/div><\/div><style type=\"text\/css\">.fusion-body .fusion-flex-container.fusion-builder-row-1{ padding-top : 90px;margin-top : 0px;padding-right : 0px;padding-bottom : 72px;margin-bottom : 0px;padding-left : 0px;}<\/style><\/div><!-- \/wp:post-content -->","protected":false},"excerpt":{"rendered":"","protected":false},"author":2,"featured_media":0,"parent":0,"menu_order":0,"comment_status":"closed","ping_status":"closed","template":"100-width.php","meta":{"footnotes":""},"class_list":["post-7498","page","type-page","status-publish","hentry"],"yoast_head":"<!-- This site is optimized with the Yoast SEO plugin v19.10 - https:\/\/yoast.com\/wordpress\/plugins\/seo\/ -->\n<title>Protezione dati - My Swiss Key Partners AG<\/title>\n<meta name=\"description\" content=\"Protezione dati mySwissKeyPartners SA. Hauptstrasse 57, CH-9422 Staad\" \/>\n<meta name=\"robots\" content=\"index, follow, max-snippet:-1, max-image-preview:large, max-video-preview:-1\" \/>\n<link rel=\"canonical\" href=\"https:\/\/swisskeypartners.ch\/it\/protezione-dati\/\" \/>\n<meta property=\"og:locale\" content=\"it_IT\" \/>\n<meta property=\"og:type\" content=\"article\" \/>\n<meta property=\"og:title\" content=\"Protezione dati - My Swiss Key Partners AG\" \/>\n<meta property=\"og:description\" content=\"Protezione dati mySwissKeyPartners SA. Hauptstrasse 57, CH-9422 Staad\" \/>\n<meta property=\"og:url\" content=\"https:\/\/swisskeypartners.ch\/it\/protezione-dati\/\" \/>\n<meta property=\"og:site_name\" content=\"My Swiss Key Partners AG\" \/>\n<meta property=\"article:modified_time\" content=\"2021-11-29T08:27:50+00:00\" \/>\n<meta property=\"og:image\" content=\"https:\/\/swisskeypartners.ch\/wp-content\/uploads\/2021\/10\/favicon.png\" \/>\n<meta name=\"twitter:card\" content=\"summary_large_image\" \/>\n<meta name=\"twitter:label1\" content=\"Tempo di lettura stimato\" \/>\n\t<meta name=\"twitter:data1\" content=\"10 minuti\" \/>\n<script type=\"application\/ld+json\" class=\"yoast-schema-graph\">{\"@context\":\"https:\/\/schema.org\",\"@graph\":[{\"@type\":\"WebPage\",\"@id\":\"https:\/\/swisskeypartners.ch\/it\/protezione-dati\/\",\"url\":\"https:\/\/swisskeypartners.ch\/it\/protezione-dati\/\",\"name\":\"Protezione dati - My Swiss Key Partners AG\",\"isPartOf\":{\"@id\":\"https:\/\/swisskeypartners.ch\/it\/#website\"},\"datePublished\":\"2021-11-24T07:37:30+00:00\",\"dateModified\":\"2021-11-29T08:27:50+00:00\",\"description\":\"Protezione dati mySwissKeyPartners SA. Hauptstrasse 57, CH-9422 Staad\",\"breadcrumb\":{\"@id\":\"https:\/\/swisskeypartners.ch\/it\/protezione-dati\/#breadcrumb\"},\"inLanguage\":\"it-IT\",\"potentialAction\":[{\"@type\":\"ReadAction\",\"target\":[\"https:\/\/swisskeypartners.ch\/it\/protezione-dati\/\"]}]},{\"@type\":\"BreadcrumbList\",\"@id\":\"https:\/\/swisskeypartners.ch\/it\/protezione-dati\/#breadcrumb\",\"itemListElement\":[{\"@type\":\"ListItem\",\"position\":1,\"name\":\"Startseite\",\"item\":\"https:\/\/swisskeypartners.ch\/it\/myswisskeypartners\/\"},{\"@type\":\"ListItem\",\"position\":2,\"name\":\"Protezione dati\"}]},{\"@type\":\"WebSite\",\"@id\":\"https:\/\/swisskeypartners.ch\/it\/#website\",\"url\":\"https:\/\/swisskeypartners.ch\/it\/\",\"name\":\"My Swiss Key Partners AG\",\"description\":\"\",\"potentialAction\":[{\"@type\":\"SearchAction\",\"target\":{\"@type\":\"EntryPoint\",\"urlTemplate\":\"https:\/\/swisskeypartners.ch\/it\/?s={search_term_string}\"},\"query-input\":\"required name=search_term_string\"}],\"inLanguage\":\"it-IT\"}]}<\/script>\n<!-- \/ Yoast SEO plugin. -->","yoast_head_json":{"title":"Protezione dati - My Swiss Key Partners AG","description":"Protezione dati mySwissKeyPartners SA. Hauptstrasse 57, CH-9422 Staad","robots":{"index":"index","follow":"follow","max-snippet":"max-snippet:-1","max-image-preview":"max-image-preview:large","max-video-preview":"max-video-preview:-1"},"canonical":"https:\/\/swisskeypartners.ch\/it\/protezione-dati\/","og_locale":"it_IT","og_type":"article","og_title":"Protezione dati - My Swiss Key Partners AG","og_description":"Protezione dati mySwissKeyPartners SA. Hauptstrasse 57, CH-9422 Staad","og_url":"https:\/\/swisskeypartners.ch\/it\/protezione-dati\/","og_site_name":"My Swiss Key Partners AG","article_modified_time":"2021-11-29T08:27:50+00:00","og_image":[{"url":"https:\/\/swisskeypartners.ch\/wp-content\/uploads\/2021\/10\/favicon.png"}],"twitter_card":"summary_large_image","twitter_misc":{"Tempo di lettura stimato":"10 minuti"},"schema":{"@context":"https:\/\/schema.org","@graph":[{"@type":"WebPage","@id":"https:\/\/swisskeypartners.ch\/it\/protezione-dati\/","url":"https:\/\/swisskeypartners.ch\/it\/protezione-dati\/","name":"Protezione dati - My Swiss Key Partners AG","isPartOf":{"@id":"https:\/\/swisskeypartners.ch\/it\/#website"},"datePublished":"2021-11-24T07:37:30+00:00","dateModified":"2021-11-29T08:27:50+00:00","description":"Protezione dati mySwissKeyPartners SA. Hauptstrasse 57, CH-9422 Staad","breadcrumb":{"@id":"https:\/\/swisskeypartners.ch\/it\/protezione-dati\/#breadcrumb"},"inLanguage":"it-IT","potentialAction":[{"@type":"ReadAction","target":["https:\/\/swisskeypartners.ch\/it\/protezione-dati\/"]}]},{"@type":"BreadcrumbList","@id":"https:\/\/swisskeypartners.ch\/it\/protezione-dati\/#breadcrumb","itemListElement":[{"@type":"ListItem","position":1,"name":"Startseite","item":"https:\/\/swisskeypartners.ch\/it\/myswisskeypartners\/"},{"@type":"ListItem","position":2,"name":"Protezione dati"}]},{"@type":"WebSite","@id":"https:\/\/swisskeypartners.ch\/it\/#website","url":"https:\/\/swisskeypartners.ch\/it\/","name":"My Swiss Key Partners AG","description":"","potentialAction":[{"@type":"SearchAction","target":{"@type":"EntryPoint","urlTemplate":"https:\/\/swisskeypartners.ch\/it\/?s={search_term_string}"},"query-input":"required name=search_term_string"}],"inLanguage":"it-IT"}]}},"_links":{"self":[{"href":"https:\/\/swisskeypartners.ch\/it\/wp-json\/wp\/v2\/pages\/7498","targetHints":{"allow":["GET"]}}],"collection":[{"href":"https:\/\/swisskeypartners.ch\/it\/wp-json\/wp\/v2\/pages"}],"about":[{"href":"https:\/\/swisskeypartners.ch\/it\/wp-json\/wp\/v2\/types\/page"}],"author":[{"embeddable":true,"href":"https:\/\/swisskeypartners.ch\/it\/wp-json\/wp\/v2\/users\/2"}],"replies":[{"embeddable":true,"href":"https:\/\/swisskeypartners.ch\/it\/wp-json\/wp\/v2\/comments?post=7498"}],"version-history":[{"count":8,"href":"https:\/\/swisskeypartners.ch\/it\/wp-json\/wp\/v2\/pages\/7498\/revisions"}],"predecessor-version":[{"id":7556,"href":"https:\/\/swisskeypartners.ch\/it\/wp-json\/wp\/v2\/pages\/7498\/revisions\/7556"}],"wp:attachment":[{"href":"https:\/\/swisskeypartners.ch\/it\/wp-json\/wp\/v2\/media?parent=7498"}],"curies":[{"name":"wp","href":"https:\/\/api.w.org\/{rel}","templated":true}]}}