{"id":8877,"date":"2021-12-07T15:29:34","date_gmt":"2021-12-07T14:29:34","guid":{"rendered":"https:\/\/swisskeypartners.ch\/a-propos-de-nous\/"},"modified":"2021-12-07T15:29:36","modified_gmt":"2021-12-07T14:29:36","slug":"a-propos-de-nous","status":"publish","type":"page","link":"https:\/\/swisskeypartners.ch\/fr\/a-propos-de-nous\/","title":{"rendered":"\u00c0 propos de nous"},"content":{"rendered":"<p><div class=\"fusion-fullwidth fullwidth-box fusion-builder-row-1 fusion-flex-container nonhundred-percent-fullwidth non-hundred-percent-height-scrolling\" style=\"background-color: #ffffff;background-position: left top;background-repeat: no-repeat;border-width: 0px 0px 0px 0px;border-color:#eae9e9;border-style:solid;\" ><div class=\"fusion-builder-row fusion-row fusion-flex-align-items-flex-start\" style=\"max-width:1216.8px;margin-left: calc(-4% \/ 2 );margin-right: calc(-4% \/ 2 );\"><div class=\"fusion-layout-column fusion_builder_column fusion-builder-column-0 fusion_builder_column_1_1 1_1 fusion-flex-column fusion-flex-align-self-flex-start fusion-column-no-min-height\"><div class=\"fusion-column-wrapper fusion-flex-justify-content-flex-start fusion-content-layout-column\" style=\"background-position:left top;background-repeat:no-repeat;-webkit-background-size:cover;-moz-background-size:cover;-o-background-size:cover;background-size:cover;padding: 0px 0px 0px 0px;\"><style type=\"text\/css\">@media only screen and (max-width:1024px) {.fusion-title.fusion-title-1{margin-top:0px!important; margin-right:!important;margin-bottom:30px!important;margin-left:!important;}}<\/style><div class=\"fusion-title title fusion-title-1 fusion-title-center fusion-title-text fusion-title-size-two\" style=\"margin-top:0px;margin-bottom:30px;\"><div class=\"title-sep-container title-sep-container-left\"><div class=\"title-sep sep-\" style=\"border-color:#e0dede;\"><\/div><\/div><span class=\"awb-title-spacer\"><\/span><h2 class=\"title-heading-center fusion-responsive-typography-calculated\" style=\"margin:0;--fontSize:38;line-height:1.2;\"><img decoding=\"async\" class=\"lazyload size-full wp-image-5413 aligncenter\" src=\"https:\/\/swisskeypartners.ch\/wp-content\/uploads\/2021\/10\/logo-mskp-big.png\" data-orig-src=\"https:\/\/swisskeypartners.ch\/wp-content\/uploads\/2021\/10\/logo-mskp-big.png\" alt=\"my SwissKeyPartners\" width=\"500\" height=\"149\" srcset=\"data:image\/svg+xml,%3Csvg%20xmlns%3D%27http%3A%2F%2Fwww.w3.org%2F2000%2Fsvg%27%20width%3D%27500%27%20height%3D%27149%27%20viewBox%3D%270%200%20500%20149%27%3E%3Crect%20width%3D%27500%27%20height%3D%27149%27%20fill-opacity%3D%220%22%2F%3E%3C%2Fsvg%3E\" data-srcset=\"https:\/\/swisskeypartners.ch\/wp-content\/uploads\/2021\/10\/logo-mskp-big-200x60.png 200w, https:\/\/swisskeypartners.ch\/wp-content\/uploads\/2021\/10\/logo-mskp-big-300x89.png 300w, https:\/\/swisskeypartners.ch\/wp-content\/uploads\/2021\/10\/logo-mskp-big-400x119.png 400w, https:\/\/swisskeypartners.ch\/wp-content\/uploads\/2021\/10\/logo-mskp-big.png 500w\" data-sizes=\"auto\" data-orig-sizes=\"(max-width: 500px) 100vw, 500px\" \/><\/h2><span class=\"awb-title-spacer\"><\/span><div class=\"title-sep-container title-sep-container-right\"><div class=\"title-sep sep-\" style=\"border-color:#e0dede;\"><\/div><\/div><\/div><div class=\"fusion-text fusion-text-1\" style=\"text-transform:none;\"><p style=\"text-align: center\">Nous sommes une entreprise suisse qui, avec ses collaborateurs et ses partenaires contractuels, est en mesure de fournir des conseils \u00e0 des organisations nationales et internationales, publiques et priv\u00e9es, dans le monde entier. Contrairement aux entreprises de conseil normales, nous disposons non seulement du savoir-faire, mais aussi des locaux physiques n\u00e9cessaires. mySwissKeyPartners SA emploie des collaborateurs qui sont des sp\u00e9cialistes dans leur domaine et qui ont pass\u00e9 des tests de s\u00e9curit\u00e9.<\/p>\n<\/div><div class=\"fusion-text fusion-text-2\" style=\"text-transform:none;\"><h3 style=\"text-align: center\">Nous vous offrons une discr\u00e9tion et une loyaut\u00e9 absolues.<\/h3>\n<\/div><\/div><style type=\"text\/css\">.fusion-body .fusion-builder-column-0{width:100% !important;margin-top : 0px;margin-bottom : 0px;}.fusion-builder-column-0 > .fusion-column-wrapper {padding-top : 0px !important;padding-right : 0px !important;margin-right : 1.92%;padding-bottom : 0px !important;padding-left : 0px !important;margin-left : 1.92%;}@media only screen and (max-width:1024px) {.fusion-body .fusion-builder-column-0{width:100% !important;}.fusion-builder-column-0 > .fusion-column-wrapper {margin-right : 1.92%;margin-left : 1.92%;}}@media only screen and (max-width:640px) {.fusion-body .fusion-builder-column-0{width:100% !important;}.fusion-builder-column-0 > .fusion-column-wrapper {margin-right : 1.92%;margin-left : 1.92%;}}<\/style><\/div><\/div><style type=\"text\/css\">.fusion-body .fusion-flex-container.fusion-builder-row-1{ padding-top : 50px;margin-top : 0px;padding-right : 0px;padding-bottom : 0px;margin-bottom : 0px;padding-left : 0px;}<\/style><\/div><div class=\"fusion-fullwidth fullwidth-box fusion-builder-row-2 fusion-flex-container nonhundred-percent-fullwidth non-hundred-percent-height-scrolling\" style=\"background-color: #ffffff;background-position: left top;background-repeat: no-repeat;border-width: 0px 0px 0px 0px;border-color:#eae9e9;border-style:solid;\" ><div class=\"fusion-builder-row fusion-row fusion-flex-align-items-flex-start\" style=\"max-width:1216.8px;margin-left: calc(-4% \/ 2 );margin-right: calc(-4% \/ 2 );\"><div class=\"fusion-layout-column fusion_builder_column fusion-builder-column-1 fusion_builder_column_1_1 1_1 fusion-flex-column fusion-flex-align-self-flex-start fusion-column-no-min-height\"><div class=\"fusion-column-wrapper fusion-flex-justify-content-flex-start fusion-content-layout-column\" style=\"background-position:left top;background-repeat:no-repeat;-webkit-background-size:cover;-moz-background-size:cover;-o-background-size:cover;background-size:cover;padding: 0px 0px 0px 0px;\"><style type=\"text\/css\">@media only screen and (max-width:1024px) {.fusion-title.fusion-title-2{margin-top:0px!important; margin-right:!important;margin-bottom:30px!important;margin-left:!important;}}<\/style><div class=\"fusion-title title fusion-title-2 fusion-title-center fusion-title-text fusion-title-size-two\" style=\"margin-top:0px;margin-bottom:30px;\"><div class=\"title-sep-container title-sep-container-left\"><div class=\"title-sep sep-\" style=\"border-color:#e0dede;\"><\/div><\/div><span class=\"awb-title-spacer\"><\/span><h2 class=\"title-heading-center fusion-responsive-typography-calculated\" style=\"margin:0;--fontSize:38;line-height:1.2;\"><p style=\"text-align: center\">Nos emplacements<\/p><\/h2><span class=\"awb-title-spacer\"><\/span><div class=\"title-sep-container title-sep-container-right\"><div class=\"title-sep sep-\" style=\"border-color:#e0dede;\"><\/div><\/div><\/div><div class=\"fusion-text fusion-text-3\" style=\"text-transform:none;\"><p style=\"text-align: center\">Pour des raisons \u00e9videntes, nous ne pouvons donner que peu de d\u00e9tails ou d&rsquo;informations sur nos emplacements physiques. N\u00e9anmoins, nous nous permettons de vous en parler sans donner de d\u00e9tails qui permettraient d&rsquo;identifier nos lieux tenus secrets.<\/p>\n<p style=\"text-align: center\">MySwissKeyPartner SA dispose de locaux qui se trouvent dans les Alpes suisses, dans d&rsquo;anciennes forteresses de l&rsquo;arm\u00e9e. Ces installations sont physiquement extr\u00eamement s\u00e9curis\u00e9es et m\u00eame \u00e9quip\u00e9es pour r\u00e9sister \u00e0 des frappes nucl\u00e9aires. Les serveurs et les supports de stockage sont physiquement absolument s\u00fbrs et disponibles. Les installations sont \u00e9galement compl\u00e8tement autonomes sur une longue p\u00e9riode. Ils disposent par exemple d&rsquo;une alimentation \u00e9lectrique de secours 24h\/24 et 365 jours par an. Les locaux de s\u00e9curit\u00e9 sont en outre prot\u00e9g\u00e9s contre un rayonnement \u00e9lectromagn\u00e9tique. L&rsquo;atmosph\u00e8re des locaux est appauvrie en oxyg\u00e8ne afin de rendre les incendies impossibles. Les connexions redondantes se font par fibre optique, faisceau hertzien, 5G GSM et c\u00e2ble souterrain. Les composants n\u00e9cessaires sont con\u00e7us de mani\u00e8re redondante afin de minimiser les risques. Toutes les donn\u00e9es que vous transmettez sont chiffr\u00e9es et ne peuvent \u00eatre lues que par vous \u00e0 tout moment. Sur demande, nous pouvons \u00e9galement r\u00e9aliser des sauvegardes p\u00e9riodiques, qui sont physiquement stock\u00e9es s\u00e9par\u00e9ment afin de minimiser encore le risque de perte de donn\u00e9es.<\/p>\n<\/div><div class=\"fusion-text fusion-text-4\" style=\"text-transform:none;\"><p style=\"text-align: center\">Pour les raisons cit\u00e9es pr\u00e9c\u00e9demment, ainsi que du fait que plusieurs barri\u00e8res de s\u00e9curit\u00e9 doivent \u00eatre franchies et que <strong>nous sommes fid\u00e8les \u00e0 notre principe : \u00ab\u00a0La connaissance seulement si elle est requise !\u00a0\u00bb<\/strong>, les visites ne seront possibles que dans des exceptions imp\u00e9ratives et apr\u00e8s un contr\u00f4le de s\u00e9curit\u00e9 \u00e9tendu.<\/p>\n<\/div><div class=\"fusion-text fusion-text-5\" style=\"text-transform:none;\"><h3 style=\"text-align: center\">Le secret reste secret !<\/h3>\n<\/div><\/div><style type=\"text\/css\">.fusion-body .fusion-builder-column-1{width:100% !important;margin-top : 0px;margin-bottom : 0px;}.fusion-builder-column-1 > .fusion-column-wrapper {padding-top : 0px !important;padding-right : 0px !important;margin-right : 1.92%;padding-bottom : 0px !important;padding-left : 0px !important;margin-left : 1.92%;}@media only screen and (max-width:1024px) {.fusion-body .fusion-builder-column-1{width:100% !important;}.fusion-builder-column-1 > .fusion-column-wrapper {margin-right : 1.92%;margin-left : 1.92%;}}@media only screen and (max-width:640px) {.fusion-body .fusion-builder-column-1{width:100% !important;}.fusion-builder-column-1 > .fusion-column-wrapper {margin-right : 1.92%;margin-left : 1.92%;}}<\/style><\/div><\/div><style type=\"text\/css\">.fusion-body .fusion-flex-container.fusion-builder-row-2{ padding-top : 0px;margin-top : 0px;padding-right : 0px;padding-bottom : 0px;margin-bottom : 0px;padding-left : 0px;}<\/style><\/div><\/p>\n","protected":false},"excerpt":{"rendered":"","protected":false},"author":2,"featured_media":0,"parent":0,"menu_order":0,"comment_status":"closed","ping_status":"closed","template":"100-width.php","meta":{"footnotes":""},"class_list":["post-8877","page","type-page","status-publish","hentry"],"yoast_head":"<!-- This site is optimized with the Yoast SEO plugin v19.10 - https:\/\/yoast.com\/wordpress\/plugins\/seo\/ -->\n<title>\u00c0 propos de nous - My Swiss Key Partners AG<\/title>\n<meta name=\"robots\" content=\"index, follow, max-snippet:-1, max-image-preview:large, max-video-preview:-1\" \/>\n<link rel=\"canonical\" href=\"https:\/\/swisskeypartners.ch\/fr\/a-propos-de-nous\/\" \/>\n<meta property=\"og:locale\" content=\"fr_FR\" \/>\n<meta property=\"og:type\" content=\"article\" \/>\n<meta property=\"og:title\" content=\"\u00c0 propos de nous - My Swiss Key Partners AG\" \/>\n<meta property=\"og:url\" content=\"https:\/\/swisskeypartners.ch\/fr\/a-propos-de-nous\/\" \/>\n<meta property=\"og:site_name\" content=\"My Swiss Key Partners AG\" \/>\n<meta property=\"article:modified_time\" content=\"2021-12-07T14:29:36+00:00\" \/>\n<meta property=\"og:image\" content=\"https:\/\/swisskeypartners.ch\/wp-content\/uploads\/2021\/10\/logo-mskp-big.png\" \/>\n<meta name=\"twitter:card\" content=\"summary_large_image\" \/>\n<meta name=\"twitter:label1\" content=\"Dur\u00e9e de lecture estim\u00e9e\" \/>\n\t<meta name=\"twitter:data1\" content=\"10 minutes\" \/>\n<script type=\"application\/ld+json\" class=\"yoast-schema-graph\">{\"@context\":\"https:\/\/schema.org\",\"@graph\":[{\"@type\":\"WebPage\",\"@id\":\"https:\/\/swisskeypartners.ch\/fr\/a-propos-de-nous\/\",\"url\":\"https:\/\/swisskeypartners.ch\/fr\/a-propos-de-nous\/\",\"name\":\"\u00c0 propos de nous - My Swiss Key Partners AG\",\"isPartOf\":{\"@id\":\"https:\/\/swisskeypartners.ch\/fr\/#website\"},\"datePublished\":\"2021-12-07T14:29:34+00:00\",\"dateModified\":\"2021-12-07T14:29:36+00:00\",\"breadcrumb\":{\"@id\":\"https:\/\/swisskeypartners.ch\/fr\/a-propos-de-nous\/#breadcrumb\"},\"inLanguage\":\"fr-FR\",\"potentialAction\":[{\"@type\":\"ReadAction\",\"target\":[\"https:\/\/swisskeypartners.ch\/fr\/a-propos-de-nous\/\"]}]},{\"@type\":\"BreadcrumbList\",\"@id\":\"https:\/\/swisskeypartners.ch\/fr\/a-propos-de-nous\/#breadcrumb\",\"itemListElement\":[{\"@type\":\"ListItem\",\"position\":1,\"name\":\"Startseite\",\"item\":\"https:\/\/swisskeypartners.ch\/fr\/myswisskeypartners\/\"},{\"@type\":\"ListItem\",\"position\":2,\"name\":\"\u00c0 propos de nous\"}]},{\"@type\":\"WebSite\",\"@id\":\"https:\/\/swisskeypartners.ch\/fr\/#website\",\"url\":\"https:\/\/swisskeypartners.ch\/fr\/\",\"name\":\"My Swiss Key Partners AG\",\"description\":\"\",\"potentialAction\":[{\"@type\":\"SearchAction\",\"target\":{\"@type\":\"EntryPoint\",\"urlTemplate\":\"https:\/\/swisskeypartners.ch\/fr\/?s={search_term_string}\"},\"query-input\":\"required name=search_term_string\"}],\"inLanguage\":\"fr-FR\"}]}<\/script>\n<!-- \/ Yoast SEO plugin. -->","yoast_head_json":{"title":"\u00c0 propos de nous - My Swiss Key Partners AG","robots":{"index":"index","follow":"follow","max-snippet":"max-snippet:-1","max-image-preview":"max-image-preview:large","max-video-preview":"max-video-preview:-1"},"canonical":"https:\/\/swisskeypartners.ch\/fr\/a-propos-de-nous\/","og_locale":"fr_FR","og_type":"article","og_title":"\u00c0 propos de nous - My Swiss Key Partners AG","og_url":"https:\/\/swisskeypartners.ch\/fr\/a-propos-de-nous\/","og_site_name":"My Swiss Key Partners AG","article_modified_time":"2021-12-07T14:29:36+00:00","og_image":[{"url":"https:\/\/swisskeypartners.ch\/wp-content\/uploads\/2021\/10\/logo-mskp-big.png"}],"twitter_card":"summary_large_image","twitter_misc":{"Dur\u00e9e de lecture estim\u00e9e":"10 minutes"},"schema":{"@context":"https:\/\/schema.org","@graph":[{"@type":"WebPage","@id":"https:\/\/swisskeypartners.ch\/fr\/a-propos-de-nous\/","url":"https:\/\/swisskeypartners.ch\/fr\/a-propos-de-nous\/","name":"\u00c0 propos de nous - My Swiss Key Partners AG","isPartOf":{"@id":"https:\/\/swisskeypartners.ch\/fr\/#website"},"datePublished":"2021-12-07T14:29:34+00:00","dateModified":"2021-12-07T14:29:36+00:00","breadcrumb":{"@id":"https:\/\/swisskeypartners.ch\/fr\/a-propos-de-nous\/#breadcrumb"},"inLanguage":"fr-FR","potentialAction":[{"@type":"ReadAction","target":["https:\/\/swisskeypartners.ch\/fr\/a-propos-de-nous\/"]}]},{"@type":"BreadcrumbList","@id":"https:\/\/swisskeypartners.ch\/fr\/a-propos-de-nous\/#breadcrumb","itemListElement":[{"@type":"ListItem","position":1,"name":"Startseite","item":"https:\/\/swisskeypartners.ch\/fr\/myswisskeypartners\/"},{"@type":"ListItem","position":2,"name":"\u00c0 propos de nous"}]},{"@type":"WebSite","@id":"https:\/\/swisskeypartners.ch\/fr\/#website","url":"https:\/\/swisskeypartners.ch\/fr\/","name":"My Swiss Key Partners AG","description":"","potentialAction":[{"@type":"SearchAction","target":{"@type":"EntryPoint","urlTemplate":"https:\/\/swisskeypartners.ch\/fr\/?s={search_term_string}"},"query-input":"required name=search_term_string"}],"inLanguage":"fr-FR"}]}},"_links":{"self":[{"href":"https:\/\/swisskeypartners.ch\/fr\/wp-json\/wp\/v2\/pages\/8877","targetHints":{"allow":["GET"]}}],"collection":[{"href":"https:\/\/swisskeypartners.ch\/fr\/wp-json\/wp\/v2\/pages"}],"about":[{"href":"https:\/\/swisskeypartners.ch\/fr\/wp-json\/wp\/v2\/types\/page"}],"author":[{"embeddable":true,"href":"https:\/\/swisskeypartners.ch\/fr\/wp-json\/wp\/v2\/users\/2"}],"replies":[{"embeddable":true,"href":"https:\/\/swisskeypartners.ch\/fr\/wp-json\/wp\/v2\/comments?post=8877"}],"version-history":[{"count":3,"href":"https:\/\/swisskeypartners.ch\/fr\/wp-json\/wp\/v2\/pages\/8877\/revisions"}],"predecessor-version":[{"id":8882,"href":"https:\/\/swisskeypartners.ch\/fr\/wp-json\/wp\/v2\/pages\/8877\/revisions\/8882"}],"wp:attachment":[{"href":"https:\/\/swisskeypartners.ch\/fr\/wp-json\/wp\/v2\/media?parent=8877"}],"curies":[{"name":"wp","href":"https:\/\/api.w.org\/{rel}","templated":true}]}}