{"id":8870,"date":"2021-12-07T15:02:57","date_gmt":"2021-12-07T14:02:57","guid":{"rendered":"https:\/\/swisskeypartners.ch\/mentions-legales\/"},"modified":"2022-02-11T18:33:00","modified_gmt":"2022-02-11T17:33:00","slug":"mentions-legales","status":"publish","type":"page","link":"https:\/\/swisskeypartners.ch\/fr\/mentions-legales\/","title":{"rendered":"Mentions l\u00e9gales"},"content":{"rendered":"<div class=\"fusion-fullwidth fullwidth-box fusion-builder-row-1 fusion-flex-container nonhundred-percent-fullwidth non-hundred-percent-height-scrolling\" style=\"background-color: #ffffff;background-position: center center;background-repeat: no-repeat;border-width: 0px 0px 0px 0px;border-color:#eae9e9;border-style:solid;\" ><div class=\"fusion-builder-row fusion-row fusion-flex-align-items-flex-start\" style=\"max-width:1216.8px;margin-left: calc(-4% \/ 2 );margin-right: calc(-4% \/ 2 );\"><div class=\"fusion-layout-column fusion_builder_column fusion-builder-column-0 fusion_builder_column_3_4 3_4 fusion-flex-column\"><div class=\"fusion-column-wrapper fusion-flex-justify-content-flex-start fusion-content-layout-column\" style=\"background-position:left top;background-repeat:no-repeat;-webkit-background-size:cover;-moz-background-size:cover;-o-background-size:cover;background-size:cover;padding: 0px 0px 0px 0px;\"><div class=\"fusion-text fusion-text-1\" style=\"text-transform:none;\"><h2>Contact<\/h2>\n<p>mySwissKeyPartners SA<br \/>Hauptstrasse 57<br \/>9422 Staad<br \/>Suisse<\/p>\n<p>T\u00e9l\u00e9phone : +41 71 520 47 06<br \/>info@swisskeypartners.ch<\/p>\n<p>Registre du commerce du canton de Saint-Gall: CH-320-3011639-9<br \/>TVA : CHE-101.923.209 TVA<\/p>\n<h2>Droits d&rsquo;auteur<\/h2>\n<p>Les droits d&rsquo;auteur et tous les autres droits li\u00e9s aux contenus, images, photos ou autres fichiers pr\u00e9sents sur le site web appartiennent exclusivement \u00e0 la soci\u00e9t\u00e9 mySwissKeyPartners SA ou aux titulaires de droits sp\u00e9cialement cit\u00e9s. Pour la reproduction de tout \u00e9l\u00e9ment, l&rsquo;accord \u00e9crit des d\u00e9tenteurs des droits d&rsquo;auteur doit \u00eatre obtenu au pr\u00e9alable.<\/p>\n<h2>Conception\/r\u00e9alisation<\/h2>\n<p>mySwissKeyPartner SA<br \/>Hauptstrasse 57<br \/>9422 Staad<\/p>\n<\/div><\/div><style type=\"text\/css\">.fusion-body .fusion-builder-column-0{width:75% !important;margin-top : 0px;margin-bottom : 20px;}.fusion-builder-column-0 > .fusion-column-wrapper {padding-top : 0px !important;padding-right : 0px !important;margin-right : 2.56%;padding-bottom : 0px !important;padding-left : 0px !important;margin-left : 2.56%;}@media only screen and (max-width:1024px) {.fusion-body .fusion-builder-column-0{width:100% !important;order : 0;}.fusion-builder-column-0 > .fusion-column-wrapper {margin-right : 1.92%;margin-left : 1.92%;}}@media only screen and (max-width:640px) {.fusion-body .fusion-builder-column-0{width:100% !important;order : 0;}.fusion-builder-column-0 > .fusion-column-wrapper {margin-right : 1.92%;margin-left : 1.92%;}}<\/style><\/div><div class=\"fusion-layout-column fusion_builder_column fusion-builder-column-1 fusion_builder_column_1_4 1_4 fusion-flex-column fusion-no-small-visibility\"><div class=\"fusion-column-wrapper fusion-flex-justify-content-flex-start fusion-content-layout-column\" style=\"background-position:left top;background-repeat:no-repeat;-webkit-background-size:cover;-moz-background-size:cover;-o-background-size:cover;background-size:cover;padding: 0px 0px 0px 0px;\"><div class=\"fusion-text fusion-text-2\" style=\"text-transform:none;\"><ul>\n<li><a href=\"https:\/\/swisskeypartners.ch\/datenschutzerklaerung\/\">D\u00e9claration de confidentialit\u00e9<\/a><\/li>\n<li><a href=\"https:\/\/swisskeypartners.ch\/sitemap\/\">Sitemap<\/a><\/li>\n<li><strong>Mentions l\u00e9gales<\/strong><\/li>\n<\/ul>\n<\/div><\/div><style type=\"text\/css\">.fusion-body .fusion-builder-column-1{width:25% !important;margin-top : 50px;margin-bottom : 20px;}.fusion-builder-column-1 > .fusion-column-wrapper {padding-top : 0px !important;padding-right : 0px !important;margin-right : 15.36%;padding-bottom : 0px !important;padding-left : 0px !important;margin-left : 7.68%;}@media only screen and (max-width:1024px) {.fusion-body .fusion-builder-column-1{width:100% !important;order : 0;}.fusion-builder-column-1 > .fusion-column-wrapper {margin-right : 1.92%;margin-left : 1.92%;}}@media only screen and (max-width:640px) {.fusion-body .fusion-builder-column-1{width:100% !important;order : 0;}.fusion-builder-column-1 > .fusion-column-wrapper {margin-right : 1.92%;margin-left : 1.92%;}}<\/style><\/div><\/div><style type=\"text\/css\">.fusion-body .fusion-flex-container.fusion-builder-row-1{ padding-top : 90px;margin-top : 0px;padding-right : 0px;padding-bottom : 72px;margin-bottom : 0px;padding-left : 0px;}<\/style><\/div>\n","protected":false},"excerpt":{"rendered":"","protected":false},"author":2,"featured_media":0,"parent":0,"menu_order":0,"comment_status":"closed","ping_status":"closed","template":"100-width.php","meta":{"footnotes":""},"class_list":["post-8870","page","type-page","status-publish","hentry"],"yoast_head":"<!-- This site is optimized with the Yoast SEO plugin v19.10 - https:\/\/yoast.com\/wordpress\/plugins\/seo\/ -->\n<title>Mentions l\u00e9gales - My Swiss Key Partners AG<\/title>\n<meta name=\"description\" content=\"Mentions l\u00e9gales de mySwissKeyPartners SA. Hauptstrasse 57, CH-9422 Staad\" \/>\n<meta name=\"robots\" content=\"index, follow, max-snippet:-1, max-image-preview:large, max-video-preview:-1\" \/>\n<link rel=\"canonical\" href=\"https:\/\/swisskeypartners.ch\/fr\/mentions-legales\/\" \/>\n<meta property=\"og:locale\" content=\"fr_FR\" \/>\n<meta property=\"og:type\" content=\"article\" \/>\n<meta property=\"og:title\" content=\"Mentions l\u00e9gales - My Swiss Key Partners AG\" \/>\n<meta property=\"og:description\" content=\"Mentions l\u00e9gales de mySwissKeyPartners SA. Hauptstrasse 57, CH-9422 Staad\" \/>\n<meta property=\"og:url\" content=\"https:\/\/swisskeypartners.ch\/fr\/mentions-legales\/\" \/>\n<meta property=\"og:site_name\" content=\"My Swiss Key Partners AG\" \/>\n<meta property=\"article:modified_time\" content=\"2022-02-11T17:33:00+00:00\" \/>\n<meta name=\"twitter:card\" content=\"summary_large_image\" \/>\n<meta name=\"twitter:label1\" content=\"Dur\u00e9e de lecture estim\u00e9e\" \/>\n\t<meta name=\"twitter:data1\" content=\"5 minutes\" \/>\n<script type=\"application\/ld+json\" class=\"yoast-schema-graph\">{\"@context\":\"https:\/\/schema.org\",\"@graph\":[{\"@type\":\"WebPage\",\"@id\":\"https:\/\/swisskeypartners.ch\/fr\/mentions-legales\/\",\"url\":\"https:\/\/swisskeypartners.ch\/fr\/mentions-legales\/\",\"name\":\"Mentions l\u00e9gales - My Swiss Key Partners AG\",\"isPartOf\":{\"@id\":\"https:\/\/swisskeypartners.ch\/fr\/#website\"},\"datePublished\":\"2021-12-07T14:02:57+00:00\",\"dateModified\":\"2022-02-11T17:33:00+00:00\",\"description\":\"Mentions l\u00e9gales de mySwissKeyPartners SA. Hauptstrasse 57, CH-9422 Staad\",\"breadcrumb\":{\"@id\":\"https:\/\/swisskeypartners.ch\/fr\/mentions-legales\/#breadcrumb\"},\"inLanguage\":\"fr-FR\",\"potentialAction\":[{\"@type\":\"ReadAction\",\"target\":[\"https:\/\/swisskeypartners.ch\/fr\/mentions-legales\/\"]}]},{\"@type\":\"BreadcrumbList\",\"@id\":\"https:\/\/swisskeypartners.ch\/fr\/mentions-legales\/#breadcrumb\",\"itemListElement\":[{\"@type\":\"ListItem\",\"position\":1,\"name\":\"Startseite\",\"item\":\"https:\/\/swisskeypartners.ch\/fr\/myswisskeypartners\/\"},{\"@type\":\"ListItem\",\"position\":2,\"name\":\"Mentions l\u00e9gales\"}]},{\"@type\":\"WebSite\",\"@id\":\"https:\/\/swisskeypartners.ch\/fr\/#website\",\"url\":\"https:\/\/swisskeypartners.ch\/fr\/\",\"name\":\"My Swiss Key Partners AG\",\"description\":\"\",\"potentialAction\":[{\"@type\":\"SearchAction\",\"target\":{\"@type\":\"EntryPoint\",\"urlTemplate\":\"https:\/\/swisskeypartners.ch\/fr\/?s={search_term_string}\"},\"query-input\":\"required name=search_term_string\"}],\"inLanguage\":\"fr-FR\"}]}<\/script>\n<!-- \/ Yoast SEO plugin. -->","yoast_head_json":{"title":"Mentions l\u00e9gales - My Swiss Key Partners AG","description":"Mentions l\u00e9gales de mySwissKeyPartners SA. Hauptstrasse 57, CH-9422 Staad","robots":{"index":"index","follow":"follow","max-snippet":"max-snippet:-1","max-image-preview":"max-image-preview:large","max-video-preview":"max-video-preview:-1"},"canonical":"https:\/\/swisskeypartners.ch\/fr\/mentions-legales\/","og_locale":"fr_FR","og_type":"article","og_title":"Mentions l\u00e9gales - My Swiss Key Partners AG","og_description":"Mentions l\u00e9gales de mySwissKeyPartners SA. Hauptstrasse 57, CH-9422 Staad","og_url":"https:\/\/swisskeypartners.ch\/fr\/mentions-legales\/","og_site_name":"My Swiss Key Partners AG","article_modified_time":"2022-02-11T17:33:00+00:00","twitter_card":"summary_large_image","twitter_misc":{"Dur\u00e9e de lecture estim\u00e9e":"5 minutes"},"schema":{"@context":"https:\/\/schema.org","@graph":[{"@type":"WebPage","@id":"https:\/\/swisskeypartners.ch\/fr\/mentions-legales\/","url":"https:\/\/swisskeypartners.ch\/fr\/mentions-legales\/","name":"Mentions l\u00e9gales - My Swiss Key Partners AG","isPartOf":{"@id":"https:\/\/swisskeypartners.ch\/fr\/#website"},"datePublished":"2021-12-07T14:02:57+00:00","dateModified":"2022-02-11T17:33:00+00:00","description":"Mentions l\u00e9gales de mySwissKeyPartners SA. Hauptstrasse 57, CH-9422 Staad","breadcrumb":{"@id":"https:\/\/swisskeypartners.ch\/fr\/mentions-legales\/#breadcrumb"},"inLanguage":"fr-FR","potentialAction":[{"@type":"ReadAction","target":["https:\/\/swisskeypartners.ch\/fr\/mentions-legales\/"]}]},{"@type":"BreadcrumbList","@id":"https:\/\/swisskeypartners.ch\/fr\/mentions-legales\/#breadcrumb","itemListElement":[{"@type":"ListItem","position":1,"name":"Startseite","item":"https:\/\/swisskeypartners.ch\/fr\/myswisskeypartners\/"},{"@type":"ListItem","position":2,"name":"Mentions l\u00e9gales"}]},{"@type":"WebSite","@id":"https:\/\/swisskeypartners.ch\/fr\/#website","url":"https:\/\/swisskeypartners.ch\/fr\/","name":"My Swiss Key Partners AG","description":"","potentialAction":[{"@type":"SearchAction","target":{"@type":"EntryPoint","urlTemplate":"https:\/\/swisskeypartners.ch\/fr\/?s={search_term_string}"},"query-input":"required name=search_term_string"}],"inLanguage":"fr-FR"}]}},"_links":{"self":[{"href":"https:\/\/swisskeypartners.ch\/fr\/wp-json\/wp\/v2\/pages\/8870","targetHints":{"allow":["GET"]}}],"collection":[{"href":"https:\/\/swisskeypartners.ch\/fr\/wp-json\/wp\/v2\/pages"}],"about":[{"href":"https:\/\/swisskeypartners.ch\/fr\/wp-json\/wp\/v2\/types\/page"}],"author":[{"embeddable":true,"href":"https:\/\/swisskeypartners.ch\/fr\/wp-json\/wp\/v2\/users\/2"}],"replies":[{"embeddable":true,"href":"https:\/\/swisskeypartners.ch\/fr\/wp-json\/wp\/v2\/comments?post=8870"}],"version-history":[{"count":5,"href":"https:\/\/swisskeypartners.ch\/fr\/wp-json\/wp\/v2\/pages\/8870\/revisions"}],"predecessor-version":[{"id":10279,"href":"https:\/\/swisskeypartners.ch\/fr\/wp-json\/wp\/v2\/pages\/8870\/revisions\/10279"}],"wp:attachment":[{"href":"https:\/\/swisskeypartners.ch\/fr\/wp-json\/wp\/v2\/media?parent=8870"}],"curies":[{"name":"wp","href":"https:\/\/api.w.org\/{rel}","templated":true}]}}