{"id":8866,"date":"2021-12-07T14:58:36","date_gmt":"2021-12-07T13:58:36","guid":{"rendered":"https:\/\/swisskeypartners.ch\/offre\/coffre-fort\/"},"modified":"2022-02-11T18:32:41","modified_gmt":"2022-02-11T17:32:41","slug":"coffre-fort","status":"publish","type":"page","link":"https:\/\/swisskeypartners.ch\/fr\/offre\/coffre-fort\/","title":{"rendered":"mySKP Safe"},"content":{"rendered":"<p><div class=\"fusion-fullwidth fullwidth-box fusion-builder-row-1 fusion-flex-container nonhundred-percent-fullwidth non-hundred-percent-height-scrolling\" style=\"background-color: #ffffff;background-position: center center;background-repeat: no-repeat;border-width: 0px 0px 0px 0px;border-color:#eae9e9;border-style:solid;\" ><div class=\"fusion-builder-row fusion-row fusion-flex-align-items-flex-start\" style=\"max-width:calc( 1170px + 0px );margin-left: calc(-0px \/ 2 );margin-right: calc(-0px \/ 2 );\"><div class=\"fusion-layout-column fusion_builder_column fusion-builder-column-0 fusion_builder_column_1_1 1_1 fusion-flex-column\"><div class=\"fusion-column-wrapper fusion-flex-justify-content-flex-start fusion-content-layout-column\" style=\"background-position:left top;background-repeat:no-repeat;-webkit-background-size:cover;-moz-background-size:cover;-o-background-size:cover;background-size:cover;padding: 0px 0px 0px 0px;\"><style type=\"text\/css\">@media only screen and (max-width:1024px) {.fusion-title.fusion-title-1{margin-top:0px!important; margin-right:!important;margin-bottom:30px!important;margin-left:!important;}}<\/style><div class=\"fusion-title title fusion-title-1 fusion-title-center fusion-title-text fusion-title-size-two\" style=\"margin-top:0px;margin-bottom:30px;\"><div class=\"title-sep-container title-sep-container-left\"><div class=\"title-sep sep-\" style=\"border-color:#e0dede;\"><\/div><\/div><span class=\"awb-title-spacer\"><\/span><h2 class=\"title-heading-center fusion-responsive-typography-calculated\" style=\"margin:0;--fontSize:38;line-height:1.2;\"><h2>NOTRE OFFRE DE COFFRES-FORTS<\/h2><\/h2><span class=\"awb-title-spacer\"><\/span><div class=\"title-sep-container title-sep-container-right\"><div class=\"title-sep sep-\" style=\"border-color:#e0dede;\"><\/div><\/div><\/div><div class=\"fusion-text fusion-text-1\" style=\"text-transform:none;\"><p style=\"text-align: center\">mySKP Safe vous permet de stocker de mani\u00e8re s\u00e9curis\u00e9s vos supports de donn\u00e9es physiques<br \/>\n, ainsi que tout objet de valeur.<\/p>\n<p style=\"text-align: center\">Il n&rsquo;est pas obligatoire de d\u00e9clarer le contenu des compartiments de s\u00e9curit\u00e9. La plus grande discr\u00e9tion est garantie.<\/p>\n<p style=\"text-align: center\">Les coffres-forts se trouvent dans une forteresse suisse s\u00e9curis\u00e9e<br \/>\nR\u00e8gles d&rsquo;acc\u00e8s et de conservation. L&rsquo;acc\u00e8s est r\u00e9serv\u00e9 aux personnes<br \/>\nautoris\u00e9es.<\/p>\n<\/div><\/div><style type=\"text\/css\">.fusion-body .fusion-builder-column-0{width:100% !important;margin-top : 0px;margin-bottom : 3px;}.fusion-builder-column-0 > .fusion-column-wrapper {padding-top : 0px !important;padding-right : 0px !important;margin-right : 0px;padding-bottom : 0px !important;padding-left : 0px !important;margin-left : 0px;}@media only screen and (max-width:1024px) {.fusion-body .fusion-builder-column-0{width:100% !important;}.fusion-builder-column-0 > .fusion-column-wrapper {margin-right : 0px;margin-left : 0px;}}@media only screen and (max-width:640px) {.fusion-body .fusion-builder-column-0{width:100% !important;}.fusion-builder-column-0 > .fusion-column-wrapper {margin-right : 0px;margin-left : 0px;}}<\/style><\/div><\/div><style type=\"text\/css\">.fusion-body .fusion-flex-container.fusion-builder-row-1{ padding-top : 0px;margin-top : 0px;padding-right : 0px;padding-bottom : 40px;margin-bottom : 0px;padding-left : 0px;}<\/style><\/div><div class=\"fusion-fullwidth fullwidth-box fusion-builder-row-2 fusion-flex-container fusion-parallax-none nonhundred-percent-fullwidth non-hundred-percent-height-scrolling lazyload\" style=\"background-color: #ffffff;background-position: center top;background-repeat: no-repeat;border-width: 0px 0px 0px 0px;border-color:#eae9e9;border-style:solid;-webkit-background-size:cover;-moz-background-size:cover;-o-background-size:cover;background-size:cover;\" data-bg=\"https:\/\/swisskeypartners.ch\/wp-content\/uploads\/2021\/10\/mskp-backup-02.jpg\" ><div class=\"fusion-builder-row fusion-row fusion-flex-align-items-stretch\" style=\"max-width:1216.8px;margin-left: calc(-4% \/ 2 );margin-right: calc(-4% \/ 2 );\"><div class=\"fusion-layout-column fusion_builder_column fusion-builder-column-1 fusion_builder_column_1_1 1_1 fusion-flex-column\"><div class=\"fusion-column-wrapper fusion-flex-justify-content-flex-start fusion-content-layout-column\" style=\"background-position:left top;background-repeat:no-repeat;-webkit-background-size:cover;-moz-background-size:cover;-o-background-size:cover;background-size:cover;padding: 0px 0px 0px 0px;\"><div class=\"fusion-text fusion-text-2\" style=\"text-transform:none;\"><h2 style=\"text-align: center\">LE COFFRE-FORT ADAPT\u00c9 \u00c0 VOS BESOINS<\/h2>\n<\/div><\/div><style type=\"text\/css\">.fusion-body .fusion-builder-column-1{width:100% !important;margin-top : 0px;margin-bottom : 20px;}.fusion-builder-column-1 > .fusion-column-wrapper {padding-top : 0px !important;padding-right : 0px !important;margin-right : 1.92%;padding-bottom : 0px !important;padding-left : 0px !important;margin-left : 1.92%;}@media only screen and (max-width:1024px) {.fusion-body .fusion-builder-column-1{width:100% !important;order : 0;}.fusion-builder-column-1 > .fusion-column-wrapper {margin-right : 1.92%;margin-left : 1.92%;}}@media only screen and (max-width:640px) {.fusion-body .fusion-builder-column-1{width:100% !important;order : 0;}.fusion-builder-column-1 > .fusion-column-wrapper {margin-right : 1.92%;margin-left : 1.92%;}}<\/style><\/div><div class=\"fusion-layout-column fusion_builder_column fusion-builder-column-2 fusion_builder_column_2_3 2_3 fusion-flex-column\"><div class=\"fusion-column-wrapper fusion-flex-justify-content-center fusion-content-layout-column\" style=\"background-position:left top;background-repeat:no-repeat;-webkit-background-size:cover;-moz-background-size:cover;-o-background-size:cover;background-size:cover;padding: 0px 0px 0px 0px;\"><div class=\"fusion-text fusion-text-3\" style=\"text-transform:none;\"><h3>Tailles des coffres-fort<\/h3>\n<\/div>\n<div class=\"table-1\">\n<table width=\"100%\">\n<thead>\n<tr>\n<th align=\"left\">Taille des coffres-fort<\/th>\n<th align=\"left\">Hauteur<\/th>\n<th align=\"left\">Largeur<\/th>\n<th align=\"left\">Profondeur<\/th>\n<\/tr>\n<\/thead>\n<tbody>\n<tr>\n<td align=\"left\">Coffre 1<\/td>\n<td align=\"left\">69 cm<\/td>\n<td align=\"left\">69 cm<\/td>\n<td align=\"left\">70 cm<\/td>\n<\/tr>\n<tr>\n<td align=\"left\">Coffre 2<\/td>\n<td align=\"left\">31 cm<\/td>\n<td align=\"left\">69 cm<\/td>\n<td align=\"left\">70 cm<\/td>\n<\/tr>\n<tr>\n<td align=\"left\">Coffre 3<\/td>\n<td align=\"left\">19 cm<\/td>\n<td align=\"left\">69 cm<\/td>\n<td align=\"left\">70 cm<\/td>\n<\/tr>\n<tr>\n<td align=\"left\">plus grands coffres-fort sur demande<\/td>\n<td align=\"left\">sur demande<\/td>\n<td align=\"left\">sur demande<\/td>\n<td align=\"left\">sur demande<\/td>\n<\/tr>\n<\/tbody>\n<\/table>\n<\/div>\n<div class=\"fusion-separator fusion-full-width-sep\" style=\"align-self: center;margin-left: auto;margin-right: auto;margin-top:20px;width:100%;\"><\/div><\/div><style type=\"text\/css\">.fusion-body .fusion-builder-column-2{width:66.666666666667% !important;margin-top : 0px;margin-bottom : 40px;}.fusion-builder-column-2 > .fusion-column-wrapper {padding-top : 0px !important;padding-right : 0px !important;margin-right : 5.04%;padding-bottom : 0px !important;padding-left : 0px !important;margin-left : 2.88%;}@media only screen and (max-width:1024px) {.fusion-body .fusion-builder-column-2{width:100% !important;}.fusion-builder-column-2 > .fusion-column-wrapper {margin-right : 1.92%;margin-left : 1.92%;}}@media only screen and (max-width:640px) {.fusion-body .fusion-builder-column-2{width:100% !important;}.fusion-builder-column-2 > .fusion-column-wrapper {margin-right : 1.92%;margin-left : 1.92%;}}<\/style><\/div><div class=\"fusion-layout-column fusion_builder_column fusion-builder-column-3 fusion_builder_column_1_3 1_3 fusion-flex-column\"><div class=\"fusion-column-wrapper fusion-flex-justify-content-flex-start fusion-content-layout-column\" style=\"background-position:left top;background-repeat:no-repeat;-webkit-background-size:cover;-moz-background-size:cover;-o-background-size:cover;background-size:cover;padding: 0px 0px 0px 0px;\"><div class=\"fusion-text fusion-text-4\" style=\"text-transform:none;\"><h3>D\u00e9tails sur les coffres-fort<\/h3>\n<\/div><div class=\"fusion-text fusion-text-5\" style=\"text-transform:none;\"><p style=\"text-align: left\">Pour toute information, n&rsquo;h\u00e9sitez pas \u00e0 nous contacter par t\u00e9l\u00e9phone au +41 71 520 47 06. Vous pouvez aussi nous \u00e9crire \u00e0 <a href=\"mailto:info@swisskeypartners.ch\">info@swisskeypartners.ch<\/a> afin de prendre un rendez-vous conseil ou pour toute autre conseil.<\/p>\n<\/div><div ><style>.fusion-body .fusion-button.button-1{border-radius:0 0 0 0;}<\/style><a class=\"fusion-button button-flat fusion-button-default-size button-default button-1 fusion-button-default-span fusion-button-default-type\" target=\"_self\" href=\"https:\/\/swisskeypartners.ch\/fr\/contact\/\"><span class=\"fusion-button-text\">Contact<\/span><\/a><\/div><\/div><style type=\"text\/css\">.fusion-body .fusion-builder-column-3{width:33.333333333333% !important;margin-top : 0px;margin-bottom : 0px;}.fusion-builder-column-3 > .fusion-column-wrapper {padding-top : 0px !important;padding-right : 0px !important;margin-right : 5.76%;padding-bottom : 0px !important;padding-left : 0px !important;margin-left : 10.08%;}@media only screen and (max-width:1024px) {.fusion-body .fusion-builder-column-3{width:100% !important;order : 0;}.fusion-builder-column-3 > .fusion-column-wrapper {margin-right : 1.92%;margin-left : 1.92%;}}@media only screen and (max-width:640px) {.fusion-body .fusion-builder-column-3{width:100% !important;order : 0;}.fusion-builder-column-3 > .fusion-column-wrapper {margin-right : 1.92%;margin-left : 1.92%;}}<\/style><\/div><\/div><style type=\"text\/css\">.fusion-body .fusion-flex-container.fusion-builder-row-2{ padding-top : 120px;margin-top : 0px;padding-right : 0px;padding-bottom : 120px;margin-bottom : 0px;padding-left : 0px;}<\/style><\/div><div class=\"fusion-fullwidth fullwidth-box fusion-builder-row-3 fusion-flex-container nonhundred-percent-fullwidth non-hundred-percent-height-scrolling\" style=\"background-color: #ffffff;background-position: center top;background-repeat: no-repeat;border-width: 0px 0px 0px 0px;border-color:#eae9e9;border-style:solid;\" ><div class=\"fusion-builder-row fusion-row fusion-flex-align-items-stretch\" style=\"max-width:1216.8px;margin-left: calc(-4% \/ 2 );margin-right: calc(-4% \/ 2 );\"><div class=\"fusion-layout-column fusion_builder_column fusion-builder-column-4 fusion_builder_column_1_1 1_1 fusion-flex-column\"><div class=\"fusion-column-wrapper fusion-flex-justify-content-flex-start fusion-content-layout-column\" style=\"background-position:left top;background-repeat:no-repeat;-webkit-background-size:cover;-moz-background-size:cover;-o-background-size:cover;background-size:cover;padding: 0px 0px 0px 0px;\"><div class=\"fusion-text fusion-text-6\" style=\"text-transform:none;\"><h2 style=\"text-align: center\">S\u00dbRET\u00c9 DANS LE COFFRE-FORT<\/h2>\n<\/div><\/div><style type=\"text\/css\">.fusion-body .fusion-builder-column-4{width:100% !important;margin-top : 0px;margin-bottom : 20px;}.fusion-builder-column-4 > .fusion-column-wrapper {padding-top : 0px !important;padding-right : 0px !important;margin-right : 1.92%;padding-bottom : 0px !important;padding-left : 0px !important;margin-left : 1.92%;}@media only screen and (max-width:1024px) {.fusion-body .fusion-builder-column-4{width:100% !important;order : 0;}.fusion-builder-column-4 > .fusion-column-wrapper {margin-right : 1.92%;margin-left : 1.92%;}}@media only screen and (max-width:640px) {.fusion-body .fusion-builder-column-4{width:100% !important;order : 0;}.fusion-builder-column-4 > .fusion-column-wrapper {margin-right : 1.92%;margin-left : 1.92%;}}<\/style><\/div><div class=\"fusion-layout-column fusion_builder_column fusion-builder-column-5 fusion_builder_column_1_2 1_2 fusion-flex-column\"><div class=\"fusion-column-wrapper fusion-flex-justify-content-flex-start fusion-content-layout-column\" style=\"background-position:left top;background-repeat:no-repeat;-webkit-background-size:cover;-moz-background-size:cover;-o-background-size:cover;background-size:cover;padding: 0px 0px 0px 0px;\"><div class=\"fusion-text fusion-text-7\" style=\"text-transform:none;\"><h3>Entreposer vos objets de valeur en toute s\u00e9curit\u00e9<\/h3>\n<ul>\n<li>Acc\u00e8s possible du lundi au dimanche<\/li>\n<li>Syst\u00e8me de coffres avec double serrure<\/li>\n<li>Surveillance aux normes de s\u00e9curit\u00e9 les plus \u00e9lev\u00e9es<\/li>\n<li>Le locataire est le seul \u00e0 conna\u00eetre le contenu des coffres.<\/li>\n<li>Pas besoin de compte bancaire suisse<\/li>\n<li>Assurance de base possible<\/li>\n<\/ul>\n<\/div><\/div><style type=\"text\/css\">.fusion-body .fusion-builder-column-5{width:50% !important;margin-top : 0px;margin-bottom : 20px;}.fusion-builder-column-5 > .fusion-column-wrapper {padding-top : 0px !important;padding-right : 0px !important;margin-right : 3.84%;padding-bottom : 0px !important;padding-left : 0px !important;margin-left : 3.84%;}@media only screen and (max-width:1024px) {.fusion-body .fusion-builder-column-5{width:100% !important;order : 0;}.fusion-builder-column-5 > .fusion-column-wrapper {margin-right : 1.92%;margin-left : 1.92%;}}@media only screen and (max-width:640px) {.fusion-body .fusion-builder-column-5{width:100% !important;order : 0;}.fusion-builder-column-5 > .fusion-column-wrapper {margin-right : 1.92%;margin-left : 1.92%;}}<\/style><\/div><div class=\"fusion-layout-column fusion_builder_column fusion-builder-column-6 fusion_builder_column_1_2 1_2 fusion-flex-column\"><div class=\"fusion-column-wrapper fusion-flex-justify-content-flex-start fusion-content-layout-column\" style=\"background-position:left top;background-repeat:no-repeat;-webkit-background-size:cover;-moz-background-size:cover;-o-background-size:cover;background-size:cover;padding: 0px 0px 0px 0px;\"><div class=\"fusion-text fusion-text-8\" style=\"text-transform:none;\"><h3>Votre coffre-fort dans les Alpes :<\/h3>\n<ul>\n<li>Offre \u00ab\u00a0Secret Service\u00a0\u00bb (transport de personnes)<\/li>\n<li>pas de transmission de donn\u00e9es \u00e0 des tiers<\/li>\n<li>syst\u00e8me d&rsquo;acc\u00e8s de haute s\u00e9curit\u00e9<\/li>\n<li>traitement rapide, simple et discret<\/li>\n<li>stockage ind\u00e9pendant<\/li>\n<li>Adaptation de la taille des coffres-forts<\/li>\n<\/ul>\n<\/div><\/div><style type=\"text\/css\">.fusion-body .fusion-builder-column-6{width:50% !important;margin-top : 0px;margin-bottom : 20px;}.fusion-builder-column-6 > .fusion-column-wrapper {padding-top : 0px !important;padding-right : 0px !important;margin-right : 3.84%;padding-bottom : 0px !important;padding-left : 0px !important;margin-left : 3.84%;}@media only screen and (max-width:1024px) {.fusion-body .fusion-builder-column-6{width:100% !important;order : 0;}.fusion-builder-column-6 > .fusion-column-wrapper {margin-right : 1.92%;margin-left : 1.92%;}}@media only screen and (max-width:640px) {.fusion-body .fusion-builder-column-6{width:100% !important;order : 0;}.fusion-builder-column-6 > .fusion-column-wrapper {margin-right : 1.92%;margin-left : 1.92%;}}<\/style><\/div><\/div><style type=\"text\/css\">.fusion-body .fusion-flex-container.fusion-builder-row-3{ padding-top : 60px;margin-top : 0px;padding-right : 0px;padding-bottom : 60px;margin-bottom : 0px;padding-left : 0px;}<\/style><\/div><\/p>\n","protected":false},"excerpt":{"rendered":"","protected":false},"author":2,"featured_media":0,"parent":8846,"menu_order":0,"comment_status":"closed","ping_status":"closed","template":"100-width.php","meta":{"footnotes":""},"class_list":["post-8866","page","type-page","status-publish","hentry"],"yoast_head":"<!-- This site is optimized with the Yoast SEO plugin v19.10 - https:\/\/yoast.com\/wordpress\/plugins\/seo\/ -->\n<title>mySKP Safe - My Swiss Key Partners AG<\/title>\n<meta name=\"description\" content=\"mySKP Safe est un service exclusif qui permet l&#039;entreposage de supports de donn\u00e9es physiques et d&#039;objets de valeur.\" \/>\n<meta name=\"robots\" content=\"index, follow, max-snippet:-1, max-image-preview:large, max-video-preview:-1\" \/>\n<link rel=\"canonical\" href=\"https:\/\/swisskeypartners.ch\/fr\/offre\/coffre-fort\/\" \/>\n<meta property=\"og:locale\" content=\"fr_FR\" \/>\n<meta property=\"og:type\" content=\"article\" \/>\n<meta property=\"og:title\" content=\"mySKP Safe - My Swiss Key Partners AG\" \/>\n<meta property=\"og:description\" content=\"mySKP Safe est un service exclusif qui permet l&#039;entreposage de supports de donn\u00e9es physiques et d&#039;objets de valeur.\" \/>\n<meta property=\"og:url\" content=\"https:\/\/swisskeypartners.ch\/fr\/offre\/coffre-fort\/\" \/>\n<meta property=\"og:site_name\" content=\"My Swiss Key Partners AG\" \/>\n<meta property=\"article:modified_time\" content=\"2022-02-11T17:32:41+00:00\" \/>\n<meta name=\"twitter:card\" content=\"summary_large_image\" \/>\n<meta name=\"twitter:label1\" content=\"Dur\u00e9e de lecture estim\u00e9e\" \/>\n\t<meta name=\"twitter:data1\" content=\"16 minutes\" \/>\n<script type=\"application\/ld+json\" class=\"yoast-schema-graph\">{\"@context\":\"https:\/\/schema.org\",\"@graph\":[{\"@type\":\"WebPage\",\"@id\":\"https:\/\/swisskeypartners.ch\/fr\/offre\/coffre-fort\/\",\"url\":\"https:\/\/swisskeypartners.ch\/fr\/offre\/coffre-fort\/\",\"name\":\"mySKP Safe - My Swiss Key Partners AG\",\"isPartOf\":{\"@id\":\"https:\/\/swisskeypartners.ch\/fr\/#website\"},\"datePublished\":\"2021-12-07T13:58:36+00:00\",\"dateModified\":\"2022-02-11T17:32:41+00:00\",\"description\":\"mySKP Safe est un service exclusif qui permet l'entreposage de supports de donn\u00e9es physiques et d'objets de valeur.\",\"breadcrumb\":{\"@id\":\"https:\/\/swisskeypartners.ch\/fr\/offre\/coffre-fort\/#breadcrumb\"},\"inLanguage\":\"fr-FR\",\"potentialAction\":[{\"@type\":\"ReadAction\",\"target\":[\"https:\/\/swisskeypartners.ch\/fr\/offre\/coffre-fort\/\"]}]},{\"@type\":\"BreadcrumbList\",\"@id\":\"https:\/\/swisskeypartners.ch\/fr\/offre\/coffre-fort\/#breadcrumb\",\"itemListElement\":[{\"@type\":\"ListItem\",\"position\":1,\"name\":\"Startseite\",\"item\":\"https:\/\/swisskeypartners.ch\/fr\/myswisskeypartners\/\"},{\"@type\":\"ListItem\",\"position\":2,\"name\":\"Offre\",\"item\":\"https:\/\/swisskeypartners.ch\/fr\/offre\/\"},{\"@type\":\"ListItem\",\"position\":3,\"name\":\"mySKP Safe\"}]},{\"@type\":\"WebSite\",\"@id\":\"https:\/\/swisskeypartners.ch\/fr\/#website\",\"url\":\"https:\/\/swisskeypartners.ch\/fr\/\",\"name\":\"My Swiss Key Partners AG\",\"description\":\"\",\"potentialAction\":[{\"@type\":\"SearchAction\",\"target\":{\"@type\":\"EntryPoint\",\"urlTemplate\":\"https:\/\/swisskeypartners.ch\/fr\/?s={search_term_string}\"},\"query-input\":\"required name=search_term_string\"}],\"inLanguage\":\"fr-FR\"}]}<\/script>\n<!-- \/ Yoast SEO plugin. -->","yoast_head_json":{"title":"mySKP Safe - My Swiss Key Partners AG","description":"mySKP Safe est un service exclusif qui permet l'entreposage de supports de donn\u00e9es physiques et d'objets de valeur.","robots":{"index":"index","follow":"follow","max-snippet":"max-snippet:-1","max-image-preview":"max-image-preview:large","max-video-preview":"max-video-preview:-1"},"canonical":"https:\/\/swisskeypartners.ch\/fr\/offre\/coffre-fort\/","og_locale":"fr_FR","og_type":"article","og_title":"mySKP Safe - My Swiss Key Partners AG","og_description":"mySKP Safe est un service exclusif qui permet l'entreposage de supports de donn\u00e9es physiques et d'objets de valeur.","og_url":"https:\/\/swisskeypartners.ch\/fr\/offre\/coffre-fort\/","og_site_name":"My Swiss Key Partners AG","article_modified_time":"2022-02-11T17:32:41+00:00","twitter_card":"summary_large_image","twitter_misc":{"Dur\u00e9e de lecture estim\u00e9e":"16 minutes"},"schema":{"@context":"https:\/\/schema.org","@graph":[{"@type":"WebPage","@id":"https:\/\/swisskeypartners.ch\/fr\/offre\/coffre-fort\/","url":"https:\/\/swisskeypartners.ch\/fr\/offre\/coffre-fort\/","name":"mySKP Safe - My Swiss Key Partners AG","isPartOf":{"@id":"https:\/\/swisskeypartners.ch\/fr\/#website"},"datePublished":"2021-12-07T13:58:36+00:00","dateModified":"2022-02-11T17:32:41+00:00","description":"mySKP Safe est un service exclusif qui permet l'entreposage de supports de donn\u00e9es physiques et d'objets de valeur.","breadcrumb":{"@id":"https:\/\/swisskeypartners.ch\/fr\/offre\/coffre-fort\/#breadcrumb"},"inLanguage":"fr-FR","potentialAction":[{"@type":"ReadAction","target":["https:\/\/swisskeypartners.ch\/fr\/offre\/coffre-fort\/"]}]},{"@type":"BreadcrumbList","@id":"https:\/\/swisskeypartners.ch\/fr\/offre\/coffre-fort\/#breadcrumb","itemListElement":[{"@type":"ListItem","position":1,"name":"Startseite","item":"https:\/\/swisskeypartners.ch\/fr\/myswisskeypartners\/"},{"@type":"ListItem","position":2,"name":"Offre","item":"https:\/\/swisskeypartners.ch\/fr\/offre\/"},{"@type":"ListItem","position":3,"name":"mySKP Safe"}]},{"@type":"WebSite","@id":"https:\/\/swisskeypartners.ch\/fr\/#website","url":"https:\/\/swisskeypartners.ch\/fr\/","name":"My Swiss Key Partners AG","description":"","potentialAction":[{"@type":"SearchAction","target":{"@type":"EntryPoint","urlTemplate":"https:\/\/swisskeypartners.ch\/fr\/?s={search_term_string}"},"query-input":"required name=search_term_string"}],"inLanguage":"fr-FR"}]}},"_links":{"self":[{"href":"https:\/\/swisskeypartners.ch\/fr\/wp-json\/wp\/v2\/pages\/8866","targetHints":{"allow":["GET"]}}],"collection":[{"href":"https:\/\/swisskeypartners.ch\/fr\/wp-json\/wp\/v2\/pages"}],"about":[{"href":"https:\/\/swisskeypartners.ch\/fr\/wp-json\/wp\/v2\/types\/page"}],"author":[{"embeddable":true,"href":"https:\/\/swisskeypartners.ch\/fr\/wp-json\/wp\/v2\/users\/2"}],"replies":[{"embeddable":true,"href":"https:\/\/swisskeypartners.ch\/fr\/wp-json\/wp\/v2\/comments?post=8866"}],"version-history":[{"count":10,"href":"https:\/\/swisskeypartners.ch\/fr\/wp-json\/wp\/v2\/pages\/8866\/revisions"}],"predecessor-version":[{"id":10276,"href":"https:\/\/swisskeypartners.ch\/fr\/wp-json\/wp\/v2\/pages\/8866\/revisions\/10276"}],"up":[{"embeddable":true,"href":"https:\/\/swisskeypartners.ch\/fr\/wp-json\/wp\/v2\/pages\/8846"}],"wp:attachment":[{"href":"https:\/\/swisskeypartners.ch\/fr\/wp-json\/wp\/v2\/media?parent=8866"}],"curies":[{"name":"wp","href":"https:\/\/api.w.org\/{rel}","templated":true}]}}