{"id":8858,"date":"2021-12-07T14:01:48","date_gmt":"2021-12-07T13:01:48","guid":{"rendered":"https:\/\/swisskeypartners.ch\/offre\/consulting\/"},"modified":"2022-02-11T17:24:31","modified_gmt":"2022-02-11T16:24:31","slug":"consulting","status":"publish","type":"page","link":"https:\/\/swisskeypartners.ch\/fr\/offre\/consulting\/","title":{"rendered":"mySKP Advice"},"content":{"rendered":"<p><div class=\"fusion-fullwidth fullwidth-box fusion-builder-row-1 fusion-flex-container nonhundred-percent-fullwidth non-hundred-percent-height-scrolling\" style=\"background-color: #ffffff;background-position: center center;background-repeat: no-repeat;border-width: 0px 0px 0px 0px;border-color:#eae9e9;border-style:solid;\" ><div class=\"fusion-builder-row fusion-row fusion-flex-align-items-flex-start\" style=\"max-width:calc( 1170px + 0px );margin-left: calc(-0px \/ 2 );margin-right: calc(-0px \/ 2 );\"><div class=\"fusion-layout-column fusion_builder_column fusion-builder-column-0 fusion_builder_column_1_1 1_1 fusion-flex-column\"><div class=\"fusion-column-wrapper fusion-flex-justify-content-flex-start fusion-content-layout-column\" style=\"background-position:left top;background-repeat:no-repeat;-webkit-background-size:cover;-moz-background-size:cover;-o-background-size:cover;background-size:cover;padding: 0px 0px 0px 0px;\"><style type=\"text\/css\">@media only screen and (max-width:1024px) {.fusion-title.fusion-title-1{margin-top:0px!important; margin-right:!important;margin-bottom:30px!important;margin-left:!important;}}<\/style><div class=\"fusion-title title fusion-title-1 fusion-title-center fusion-title-text fusion-title-size-two\" style=\"margin-top:0px;margin-bottom:30px;\"><div class=\"title-sep-container title-sep-container-left\"><div class=\"title-sep sep-\" style=\"border-color:#e0dede;\"><\/div><\/div><span class=\"awb-title-spacer\"><\/span><h2 class=\"title-heading-center fusion-responsive-typography-calculated\" style=\"margin:0;--fontSize:38;line-height:1.2;\">Consulting &#8211; unsere Kompetenzen<\/h2><span class=\"awb-title-spacer\"><\/span><div class=\"title-sep-container title-sep-container-right\"><div class=\"title-sep sep-\" style=\"border-color:#e0dede;\"><\/div><\/div><\/div><div class=\"fusion-text fusion-text-1\" style=\"text-transform:none;\"><p style=\"text-align: center\">Nos prestations vous conseillent en mati\u00e8re de s\u00e9curit\u00e9 informatique. Les points faibles des infrastructures informatiques doivent \u00eatre identifi\u00e9s et corrig\u00e9s. Nous \u00e9laborons pour vous un concept de s\u00e9curit\u00e9 avec analyse des risques dans les domaines de la gestion de l&rsquo;information, des proc\u00e9dures et des infrastructures.<\/p>\n<p style=\"text-align: center\">Ces travaux se font toujours en collaboration entre vous et nos sp\u00e9cialistes. Les activit\u00e9s peuvent ainsi \u00eatre r\u00e9alis\u00e9es de mani\u00e8re cibl\u00e9e et dans les d\u00e9lais impartis. Comme vous \u00eates impliqu\u00e9 dans le d\u00e9roulement du processus, vous prenez des d\u00e9cisions plus pr\u00e9cises et pertinentes en concertation avec nos \u00e9quipes.<\/p>\n<\/div><\/div><style type=\"text\/css\">.fusion-body .fusion-builder-column-0{width:100% !important;margin-top : 0px;margin-bottom : 3px;}.fusion-builder-column-0 > .fusion-column-wrapper {padding-top : 0px !important;padding-right : 0px !important;margin-right : 0px;padding-bottom : 0px !important;padding-left : 0px !important;margin-left : 0px;}@media only screen and (max-width:1024px) {.fusion-body .fusion-builder-column-0{width:100% !important;}.fusion-builder-column-0 > .fusion-column-wrapper {margin-right : 0px;margin-left : 0px;}}@media only screen and (max-width:640px) {.fusion-body .fusion-builder-column-0{width:100% !important;}.fusion-builder-column-0 > .fusion-column-wrapper {margin-right : 0px;margin-left : 0px;}}<\/style><\/div><\/div><style type=\"text\/css\">.fusion-body .fusion-flex-container.fusion-builder-row-1{ padding-top : 40px;margin-top : 0px;padding-right : 0px;padding-bottom : 40px;margin-bottom : 0px;padding-left : 0px;}<\/style><\/div><div class=\"fusion-fullwidth fullwidth-box fusion-builder-row-2 fusion-flex-container fusion-parallax-none nonhundred-percent-fullwidth non-hundred-percent-height-scrolling lazyload\" style=\"background-color: #ffffff;background-position: center top;background-repeat: no-repeat;border-width: 0px 0px 0px 0px;border-color:#eae9e9;border-style:solid;-webkit-background-size:cover;-moz-background-size:cover;-o-background-size:cover;background-size:cover;\" data-bg=\"https:\/\/swisskeypartners.ch\/wp-content\/uploads\/2021\/10\/mskp-backup-02.jpg\" ><div class=\"fusion-builder-row fusion-row fusion-flex-align-items-stretch\" style=\"max-width:1216.8px;margin-left: calc(-4% \/ 2 );margin-right: calc(-4% \/ 2 );\"><div class=\"fusion-layout-column fusion_builder_column fusion-builder-column-1 fusion_builder_column_1_2 1_2 fusion-flex-column\"><div class=\"fusion-column-wrapper fusion-flex-justify-content-flex-start fusion-content-layout-column\" style=\"background-position:left top;background-repeat:no-repeat;-webkit-background-size:cover;-moz-background-size:cover;-o-background-size:cover;background-size:cover;padding: 0px 0px 0px 0px;\"><div class=\"fusion-text fusion-text-2\" style=\"text-transform:none;\"><p><img decoding=\"async\" class=\"lazyload alignnone size-full wp-image-5537\" src=\"https:\/\/swisskeypartners.ch\/wp-content\/uploads\/2021\/10\/prozess.jpg\" data-orig-src=\"https:\/\/swisskeypartners.ch\/wp-content\/uploads\/2021\/10\/prozess.jpg\" alt=\"\" width=\"644\" height=\"682\" srcset=\"data:image\/svg+xml,%3Csvg%20xmlns%3D%27http%3A%2F%2Fwww.w3.org%2F2000%2Fsvg%27%20width%3D%27644%27%20height%3D%27682%27%20viewBox%3D%270%200%20644%20682%27%3E%3Crect%20width%3D%27644%27%20height%3D%27682%27%20fill-opacity%3D%220%22%2F%3E%3C%2Fsvg%3E\" data-srcset=\"https:\/\/swisskeypartners.ch\/wp-content\/uploads\/2021\/10\/prozess-200x212.jpg 200w, https:\/\/swisskeypartners.ch\/wp-content\/uploads\/2021\/10\/prozess-283x300.jpg 283w, https:\/\/swisskeypartners.ch\/wp-content\/uploads\/2021\/10\/prozess-400x424.jpg 400w, https:\/\/swisskeypartners.ch\/wp-content\/uploads\/2021\/10\/prozess-600x635.jpg 600w, https:\/\/swisskeypartners.ch\/wp-content\/uploads\/2021\/10\/prozess.jpg 644w\" data-sizes=\"auto\" data-orig-sizes=\"(max-width: 644px) 100vw, 644px\" \/><\/p>\n<\/div><\/div><style type=\"text\/css\">.fusion-body .fusion-builder-column-1{width:50% !important;margin-top : 0px;margin-bottom : 20px;}.fusion-builder-column-1 > .fusion-column-wrapper {padding-top : 0px !important;padding-right : 0px !important;margin-right : 3.84%;padding-bottom : 0px !important;padding-left : 0px !important;margin-left : 3.84%;}@media only screen and (max-width:1024px) {.fusion-body .fusion-builder-column-1{width:100% !important;order : 0;}.fusion-builder-column-1 > .fusion-column-wrapper {margin-right : 1.92%;margin-left : 1.92%;}}@media only screen and (max-width:640px) {.fusion-body .fusion-builder-column-1{width:100% !important;order : 0;}.fusion-builder-column-1 > .fusion-column-wrapper {margin-right : 1.92%;margin-left : 1.92%;}}<\/style><\/div><div class=\"fusion-layout-column fusion_builder_column fusion-builder-column-2 fusion_builder_column_1_2 1_2 fusion-flex-column\"><div class=\"fusion-column-wrapper fusion-flex-justify-content-flex-start fusion-content-layout-column\" style=\"background-position:left top;background-repeat:no-repeat;-webkit-background-size:cover;-moz-background-size:cover;-o-background-size:cover;background-size:cover;padding: 0px 0px 0px 0px;\"><div class=\"fusion-text fusion-text-3\" style=\"text-transform:none;\"><h2 style=\"text-align: center\">Comp\u00e9tences<\/h2>\n<\/div><div class=\"fusion-text fusion-text-4\" style=\"text-transform:none;\"><p class=\"bodytext\">Nous \u00e9laborons pour vous des concepts de s\u00e9curit\u00e9 avec des analyses de risques dans des domaines comme :<\/p>\n<ul>\n<li>Analyse des menaces (dangers provenant d&rsquo;Internet)<\/li>\n<li>Utilisation de proc\u00e9dures d&rsquo;intervention et de mesures de protection connues<\/li>\n<li>La cybers\u00e9curit\u00e9 avec la participation de hackers \u00e9thiques<\/li>\n<li>STEP \u2013 Analyse<\/li>\n<li>Identification des risques<\/li>\n<li>Analyses des risques<\/li>\n<li>\u00c9valuations des risques<\/li>\n<li>Gestion des risques<\/li>\n<\/ul>\n<\/div><div class=\"fusion-text fusion-text-5\" style=\"text-transform:none;\"><p class=\"bodytext\">Gestion de l&rsquo;information :<\/p>\n<ul>\n<li>Conseil et soutien professionnels<br \/>\n&#8211; strat\u00e9gique<br \/>\n&#8211; op\u00e9rationnel<br \/>\n&#8211; haute comp\u00e9tences en mati\u00e8re de s\u00e9curit\u00e9<br \/>\n&#8211; Autorit\u00e9s informatiques<br \/>\n&#8211; s\u00e9curit\u00e9 informatique<\/li>\n<li>R\u00e9alisation d&rsquo;\u00e9valuations et d&rsquo;analyses<\/li>\n<li>R\u00e9daction de cahiers des charges pour les syst\u00e8mes, la formation et l&rsquo;exploitation<\/li>\n<\/ul>\n<\/div><\/div><style type=\"text\/css\">.fusion-body .fusion-builder-column-2{width:50% !important;margin-top : 0px;margin-bottom : 20px;}.fusion-builder-column-2 > .fusion-column-wrapper {padding-top : 0px !important;padding-right : 0px !important;margin-right : 3.84%;padding-bottom : 0px !important;padding-left : 0px !important;margin-left : 3.84%;}@media only screen and (max-width:1024px) {.fusion-body .fusion-builder-column-2{width:100% !important;order : 0;}.fusion-builder-column-2 > .fusion-column-wrapper {margin-right : 1.92%;margin-left : 1.92%;}}@media only screen and (max-width:640px) {.fusion-body .fusion-builder-column-2{width:100% !important;order : 0;}.fusion-builder-column-2 > .fusion-column-wrapper {margin-right : 1.92%;margin-left : 1.92%;}}<\/style><\/div><\/div><style type=\"text\/css\">.fusion-body .fusion-flex-container.fusion-builder-row-2{ padding-top : 72px;margin-top : 0px;padding-right : 0px;padding-bottom : 0px;margin-bottom : 20px;padding-left : 0px;}<\/style><\/div><div class=\"fusion-fullwidth fullwidth-box fusion-builder-row-3 fusion-flex-container nonhundred-percent-fullwidth non-hundred-percent-height-scrolling\" style=\"background-color: #ffffff;background-position: center top;background-repeat: no-repeat;border-width: 0px 0px 0px 0px;border-color:#eae9e9;border-style:solid;\" ><div class=\"fusion-builder-row fusion-row fusion-flex-align-items-stretch\" style=\"max-width:1216.8px;margin-left: calc(-4% \/ 2 );margin-right: calc(-4% \/ 2 );\"><div class=\"fusion-layout-column fusion_builder_column fusion-builder-column-3 fusion_builder_column_1_2 1_2 fusion-flex-column\"><div class=\"fusion-column-wrapper fusion-flex-justify-content-flex-start fusion-content-layout-column\" style=\"background-position:left top;background-repeat:no-repeat;-webkit-background-size:cover;-moz-background-size:cover;-o-background-size:cover;background-size:cover;padding: 0px 0px 0px 0px;\"><div class=\"fusion-text fusion-text-6\" style=\"text-transform:none;\"><p><img decoding=\"async\" class=\"lazyload alignnone size-full wp-image-5473\" src=\"https:\/\/swisskeypartners.ch\/wp-content\/uploads\/2021\/10\/mSKP-processmanagement.jpg\" data-orig-src=\"https:\/\/swisskeypartners.ch\/wp-content\/uploads\/2021\/10\/mSKP-processmanagement.jpg\" alt=\"my SwissKeyPartners\" width=\"561\" height=\"514\" srcset=\"data:image\/svg+xml,%3Csvg%20xmlns%3D%27http%3A%2F%2Fwww.w3.org%2F2000%2Fsvg%27%20width%3D%27561%27%20height%3D%27514%27%20viewBox%3D%270%200%20561%20514%27%3E%3Crect%20width%3D%27561%27%20height%3D%27514%27%20fill-opacity%3D%220%22%2F%3E%3C%2Fsvg%3E\" data-srcset=\"https:\/\/swisskeypartners.ch\/wp-content\/uploads\/2021\/10\/mSKP-processmanagement-200x183.jpg 200w, https:\/\/swisskeypartners.ch\/wp-content\/uploads\/2021\/10\/mSKP-processmanagement-300x275.jpg 300w, https:\/\/swisskeypartners.ch\/wp-content\/uploads\/2021\/10\/mSKP-processmanagement-400x366.jpg 400w, https:\/\/swisskeypartners.ch\/wp-content\/uploads\/2021\/10\/mSKP-processmanagement.jpg 561w\" data-sizes=\"auto\" data-orig-sizes=\"(max-width: 561px) 100vw, 561px\" \/><\/p>\n<\/div><\/div><style type=\"text\/css\">.fusion-body .fusion-builder-column-3{width:50% !important;margin-top : 0px;margin-bottom : 20px;}.fusion-builder-column-3 > .fusion-column-wrapper {padding-top : 0px !important;padding-right : 0px !important;margin-right : 3.84%;padding-bottom : 0px !important;padding-left : 0px !important;margin-left : 3.84%;}@media only screen and (max-width:1024px) {.fusion-body .fusion-builder-column-3{width:100% !important;order : 0;}.fusion-builder-column-3 > .fusion-column-wrapper {margin-right : 1.92%;margin-left : 1.92%;}}@media only screen and (max-width:640px) {.fusion-body .fusion-builder-column-3{width:100% !important;order : 0;}.fusion-builder-column-3 > .fusion-column-wrapper {margin-right : 1.92%;margin-left : 1.92%;}}<\/style><\/div><div class=\"fusion-layout-column fusion_builder_column fusion-builder-column-4 fusion_builder_column_1_2 1_2 fusion-flex-column\"><div class=\"fusion-column-wrapper fusion-flex-justify-content-flex-start fusion-content-layout-column\" style=\"background-position:left top;background-repeat:no-repeat;-webkit-background-size:cover;-moz-background-size:cover;-o-background-size:cover;background-size:cover;padding: 0px 0px 0px 0px;\"><div class=\"fusion-text fusion-text-7\" style=\"text-transform:none;\"><h2 style=\"text-align: left\">Notre d\u00e9marche<\/h2>\n<\/div><div class=\"fusion-text fusion-text-8\" style=\"text-transform:none;\"><p>mySwissKeyPartners s&rsquo;est fix\u00e9 pour objectif de r\u00e9pondre \u00e0 tous les souha\u00eets des clients en fonction de leurs besoins et de les garantir au moyen de la strat\u00e9gie de gestion SSCG.<\/p>\n<\/div><div class=\"fusion-text fusion-text-9\" style=\"text-transform:none;\"><p class=\"bodytext\"><b>Il s&rsquo;agit l\u00e0 d&rsquo;\u00e9l\u00e9ments pris en compte tout au long de la vie : <\/b><\/p>\n<ul>\n<li>Planification de projet, gestion de projet et responsabilit\u00e9 de projet dans toutes les phases du projet<\/li>\n<li>Responsabilit\u00e9 des processus juridiques, r\u00e9glementaires et organisationnels<\/li>\n<li>Organisation ou surveillance de tous les processus logistiques, des infrastructures, du personnel<\/li>\n<li>Supervision de la planification, de l&rsquo;installation et de la mise en service pour le client<\/li>\n<li>S\u00e9lection, formation, contr\u00f4le de s\u00e9curit\u00e9, transfert de savoir-faire selon le concept de formation<\/li>\n<li>\u00c9valuations et audits<\/li>\n<\/ul>\n<\/div><div ><style>.fusion-body .fusion-button.button-1{border-radius:0 0 0 0;}<\/style><a class=\"fusion-button button-flat fusion-button-default-size button-default button-1 fusion-button-default-span fusion-button-default-type\" target=\"_self\" href=\"https:\/\/swisskeypartners.ch\/fr\/contact\/\" style=\"margin-top:10px;\"><span class=\"fusion-button-text\">Contact<\/span><\/a><\/div><\/div><style type=\"text\/css\">.fusion-body .fusion-builder-column-4{width:50% !important;margin-top : 0px;margin-bottom : 20px;}.fusion-builder-column-4 > .fusion-column-wrapper {padding-top : 0px !important;padding-right : 0px !important;margin-right : 3.84%;padding-bottom : 0px !important;padding-left : 0px !important;margin-left : 3.84%;}@media only screen and (max-width:1024px) {.fusion-body .fusion-builder-column-4{width:100% !important;order : 0;}.fusion-builder-column-4 > .fusion-column-wrapper {margin-right : 1.92%;margin-left : 1.92%;}}@media only screen and (max-width:640px) {.fusion-body .fusion-builder-column-4{width:100% !important;order : 0;}.fusion-builder-column-4 > .fusion-column-wrapper {margin-right : 1.92%;margin-left : 1.92%;}}<\/style><\/div><\/div><style type=\"text\/css\">.fusion-body .fusion-flex-container.fusion-builder-row-3{ padding-top : 20px;margin-top : 0px;padding-right : 0px;padding-bottom : 20px;margin-bottom : 0px;padding-left : 0px;}<\/style><\/div><\/p>\n","protected":false},"excerpt":{"rendered":"","protected":false},"author":2,"featured_media":0,"parent":8846,"menu_order":0,"comment_status":"closed","ping_status":"closed","template":"100-width.php","meta":{"footnotes":""},"class_list":["post-8858","page","type-page","status-publish","hentry"],"yoast_head":"<!-- This site is optimized with the Yoast SEO plugin v19.10 - https:\/\/yoast.com\/wordpress\/plugins\/seo\/ -->\n<title>mySKP Advice - My Swiss Key Partners AG<\/title>\n<meta name=\"description\" content=\"mySKP Advice vous aide dans l&#039;\u00e9laboration et la s\u00e9curisation de votre infratructure.\" \/>\n<meta name=\"robots\" content=\"index, follow, max-snippet:-1, max-image-preview:large, max-video-preview:-1\" \/>\n<link rel=\"canonical\" href=\"https:\/\/swisskeypartners.ch\/fr\/offre\/consulting\/\" \/>\n<meta property=\"og:locale\" content=\"fr_FR\" \/>\n<meta property=\"og:type\" content=\"article\" \/>\n<meta property=\"og:title\" content=\"mySKP Advice - My Swiss Key Partners AG\" \/>\n<meta property=\"og:description\" content=\"mySKP Advice vous aide dans l&#039;\u00e9laboration et la s\u00e9curisation de votre infratructure.\" \/>\n<meta property=\"og:url\" content=\"https:\/\/swisskeypartners.ch\/fr\/offre\/consulting\/\" \/>\n<meta property=\"og:site_name\" content=\"My Swiss Key Partners AG\" \/>\n<meta property=\"article:modified_time\" content=\"2022-02-11T16:24:31+00:00\" \/>\n<meta property=\"og:image\" content=\"https:\/\/swisskeypartners.ch\/wp-content\/uploads\/2021\/10\/prozess.jpg\" \/>\n<meta name=\"twitter:card\" content=\"summary_large_image\" \/>\n<meta name=\"twitter:label1\" content=\"Dur\u00e9e de lecture estim\u00e9e\" \/>\n\t<meta name=\"twitter:data1\" content=\"16 minutes\" \/>\n<script type=\"application\/ld+json\" class=\"yoast-schema-graph\">{\"@context\":\"https:\/\/schema.org\",\"@graph\":[{\"@type\":\"WebPage\",\"@id\":\"https:\/\/swisskeypartners.ch\/fr\/offre\/consulting\/\",\"url\":\"https:\/\/swisskeypartners.ch\/fr\/offre\/consulting\/\",\"name\":\"mySKP Advice - My Swiss Key Partners AG\",\"isPartOf\":{\"@id\":\"https:\/\/swisskeypartners.ch\/fr\/#website\"},\"datePublished\":\"2021-12-07T13:01:48+00:00\",\"dateModified\":\"2022-02-11T16:24:31+00:00\",\"description\":\"mySKP Advice vous aide dans l'\u00e9laboration et la s\u00e9curisation de votre infratructure.\",\"breadcrumb\":{\"@id\":\"https:\/\/swisskeypartners.ch\/fr\/offre\/consulting\/#breadcrumb\"},\"inLanguage\":\"fr-FR\",\"potentialAction\":[{\"@type\":\"ReadAction\",\"target\":[\"https:\/\/swisskeypartners.ch\/fr\/offre\/consulting\/\"]}]},{\"@type\":\"BreadcrumbList\",\"@id\":\"https:\/\/swisskeypartners.ch\/fr\/offre\/consulting\/#breadcrumb\",\"itemListElement\":[{\"@type\":\"ListItem\",\"position\":1,\"name\":\"Startseite\",\"item\":\"https:\/\/swisskeypartners.ch\/fr\/myswisskeypartners\/\"},{\"@type\":\"ListItem\",\"position\":2,\"name\":\"Offre\",\"item\":\"https:\/\/swisskeypartners.ch\/fr\/offre\/\"},{\"@type\":\"ListItem\",\"position\":3,\"name\":\"mySKP Advice\"}]},{\"@type\":\"WebSite\",\"@id\":\"https:\/\/swisskeypartners.ch\/fr\/#website\",\"url\":\"https:\/\/swisskeypartners.ch\/fr\/\",\"name\":\"My Swiss Key Partners AG\",\"description\":\"\",\"potentialAction\":[{\"@type\":\"SearchAction\",\"target\":{\"@type\":\"EntryPoint\",\"urlTemplate\":\"https:\/\/swisskeypartners.ch\/fr\/?s={search_term_string}\"},\"query-input\":\"required name=search_term_string\"}],\"inLanguage\":\"fr-FR\"}]}<\/script>\n<!-- \/ Yoast SEO plugin. -->","yoast_head_json":{"title":"mySKP Advice - My Swiss Key Partners AG","description":"mySKP Advice vous aide dans l'\u00e9laboration et la s\u00e9curisation de votre infratructure.","robots":{"index":"index","follow":"follow","max-snippet":"max-snippet:-1","max-image-preview":"max-image-preview:large","max-video-preview":"max-video-preview:-1"},"canonical":"https:\/\/swisskeypartners.ch\/fr\/offre\/consulting\/","og_locale":"fr_FR","og_type":"article","og_title":"mySKP Advice - My Swiss Key Partners AG","og_description":"mySKP Advice vous aide dans l'\u00e9laboration et la s\u00e9curisation de votre infratructure.","og_url":"https:\/\/swisskeypartners.ch\/fr\/offre\/consulting\/","og_site_name":"My Swiss Key Partners AG","article_modified_time":"2022-02-11T16:24:31+00:00","og_image":[{"url":"https:\/\/swisskeypartners.ch\/wp-content\/uploads\/2021\/10\/prozess.jpg"}],"twitter_card":"summary_large_image","twitter_misc":{"Dur\u00e9e de lecture estim\u00e9e":"16 minutes"},"schema":{"@context":"https:\/\/schema.org","@graph":[{"@type":"WebPage","@id":"https:\/\/swisskeypartners.ch\/fr\/offre\/consulting\/","url":"https:\/\/swisskeypartners.ch\/fr\/offre\/consulting\/","name":"mySKP Advice - My Swiss Key Partners AG","isPartOf":{"@id":"https:\/\/swisskeypartners.ch\/fr\/#website"},"datePublished":"2021-12-07T13:01:48+00:00","dateModified":"2022-02-11T16:24:31+00:00","description":"mySKP Advice vous aide dans l'\u00e9laboration et la s\u00e9curisation de votre infratructure.","breadcrumb":{"@id":"https:\/\/swisskeypartners.ch\/fr\/offre\/consulting\/#breadcrumb"},"inLanguage":"fr-FR","potentialAction":[{"@type":"ReadAction","target":["https:\/\/swisskeypartners.ch\/fr\/offre\/consulting\/"]}]},{"@type":"BreadcrumbList","@id":"https:\/\/swisskeypartners.ch\/fr\/offre\/consulting\/#breadcrumb","itemListElement":[{"@type":"ListItem","position":1,"name":"Startseite","item":"https:\/\/swisskeypartners.ch\/fr\/myswisskeypartners\/"},{"@type":"ListItem","position":2,"name":"Offre","item":"https:\/\/swisskeypartners.ch\/fr\/offre\/"},{"@type":"ListItem","position":3,"name":"mySKP Advice"}]},{"@type":"WebSite","@id":"https:\/\/swisskeypartners.ch\/fr\/#website","url":"https:\/\/swisskeypartners.ch\/fr\/","name":"My Swiss Key Partners AG","description":"","potentialAction":[{"@type":"SearchAction","target":{"@type":"EntryPoint","urlTemplate":"https:\/\/swisskeypartners.ch\/fr\/?s={search_term_string}"},"query-input":"required name=search_term_string"}],"inLanguage":"fr-FR"}]}},"_links":{"self":[{"href":"https:\/\/swisskeypartners.ch\/fr\/wp-json\/wp\/v2\/pages\/8858","targetHints":{"allow":["GET"]}}],"collection":[{"href":"https:\/\/swisskeypartners.ch\/fr\/wp-json\/wp\/v2\/pages"}],"about":[{"href":"https:\/\/swisskeypartners.ch\/fr\/wp-json\/wp\/v2\/types\/page"}],"author":[{"embeddable":true,"href":"https:\/\/swisskeypartners.ch\/fr\/wp-json\/wp\/v2\/users\/2"}],"replies":[{"embeddable":true,"href":"https:\/\/swisskeypartners.ch\/fr\/wp-json\/wp\/v2\/comments?post=8858"}],"version-history":[{"count":15,"href":"https:\/\/swisskeypartners.ch\/fr\/wp-json\/wp\/v2\/pages\/8858\/revisions"}],"predecessor-version":[{"id":10228,"href":"https:\/\/swisskeypartners.ch\/fr\/wp-json\/wp\/v2\/pages\/8858\/revisions\/10228"}],"up":[{"embeddable":true,"href":"https:\/\/swisskeypartners.ch\/fr\/wp-json\/wp\/v2\/pages\/8846"}],"wp:attachment":[{"href":"https:\/\/swisskeypartners.ch\/fr\/wp-json\/wp\/v2\/media?parent=8858"}],"curies":[{"name":"wp","href":"https:\/\/api.w.org\/{rel}","templated":true}]}}