{"id":8850,"date":"2021-12-07T12:10:53","date_gmt":"2021-12-07T11:10:53","guid":{"rendered":"https:\/\/swisskeypartners.ch\/offre\/backup-cloud\/"},"modified":"2022-02-11T17:26:26","modified_gmt":"2022-02-11T16:26:26","slug":"backup-cloud","status":"publish","type":"page","link":"https:\/\/swisskeypartners.ch\/fr\/offre\/backup-cloud\/","title":{"rendered":"mySKP Backup"},"content":{"rendered":"<p><div class=\"fusion-fullwidth fullwidth-box fusion-builder-row-1 fusion-flex-container nonhundred-percent-fullwidth non-hundred-percent-height-scrolling\" style=\"background-color: #ffffff;background-position: center center;background-repeat: no-repeat;border-width: 0px 0px 0px 0px;border-color:#eae9e9;border-style:solid;\" ><div class=\"fusion-builder-row fusion-row fusion-flex-align-items-flex-start\" style=\"max-width:calc( 1170px + 0px );margin-left: calc(-0px \/ 2 );margin-right: calc(-0px \/ 2 );\"><div class=\"fusion-layout-column fusion_builder_column fusion-builder-column-0 fusion_builder_column_1_1 1_1 fusion-flex-column\"><div class=\"fusion-column-wrapper fusion-flex-justify-content-flex-start fusion-content-layout-column\" style=\"background-position:left top;background-repeat:no-repeat;-webkit-background-size:cover;-moz-background-size:cover;-o-background-size:cover;background-size:cover;padding: 0px 0px 0px 0px;\"><style type=\"text\/css\">@media only screen and (max-width:1024px) {.fusion-title.fusion-title-1{margin-top:0px!important; margin-right:!important;margin-bottom:30px!important;margin-left:!important;}}<\/style><div class=\"fusion-title title fusion-title-1 fusion-title-center fusion-title-text fusion-title-size-two\" style=\"margin-top:0px;margin-bottom:30px;\"><div class=\"title-sep-container title-sep-container-left\"><div class=\"title-sep sep-\" style=\"border-color:#e0dede;\"><\/div><\/div><span class=\"awb-title-spacer\"><\/span><h2 class=\"title-heading-center fusion-responsive-typography-calculated\" style=\"margin:0;--fontSize:38;line-height:1.2;\">Backup &amp; Espace de stockage dans le cloud<\/h2><span class=\"awb-title-spacer\"><\/span><div class=\"title-sep-container title-sep-container-right\"><div class=\"title-sep sep-\" style=\"border-color:#e0dede;\"><\/div><\/div><\/div><div class=\"fusion-text fusion-text-1\" style=\"text-transform:none;\"><p style=\"text-align: center\">La s\u00e9curisation des donn\u00e9es et les backups sont des services propos\u00e9s aux entreprises, aux institutions<br \/>\npubliques et aux autres collectivit\u00e9s et propos\u00e9s de mani\u00e8re exclusive.<\/p>\n<p style=\"text-align: center\">Sauvegarder les donn\u00e9es signifie les copier de mani\u00e8re chiffr\u00e9e et crypt\u00e9e pour des raisons de s\u00e9curit\u00e9 \u00e0 un autre endroit, tout en les gardant actualis\u00e9es.<br \/>\nC&rsquo;est la seule fa\u00e7on d&rsquo;avoir la garantie de pouvoir acc\u00e9der \u00e0 vos donn\u00e9es en cas de perte. Que ce soit \u00e0 la suite d&rsquo;une panne de mat\u00e9riel, de dommages caus\u00e9s par les \u00e9l\u00e9ments naturels ou de l&rsquo;augmentation des risques li\u00e9s \u00e0 Internet par le biais de cyber-attaques.<\/p>\n<p style=\"text-align: center\">Vos donn\u00e9es chiffr\u00e9es sont stock\u00e9es chez nous en toute s\u00e9curit\u00e9 et vous pouvez les r\u00e9cup\u00e9rer \u00e0 tout moment, au cas o\u00f9 vous auriez besoin d&rsquo;une restauration.<\/p>\n<\/div><\/div><style type=\"text\/css\">.fusion-body .fusion-builder-column-0{width:100% !important;margin-top : 0px;margin-bottom : 3px;}.fusion-builder-column-0 > .fusion-column-wrapper {padding-top : 0px !important;padding-right : 0px !important;margin-right : 0px;padding-bottom : 0px !important;padding-left : 0px !important;margin-left : 0px;}@media only screen and (max-width:1024px) {.fusion-body .fusion-builder-column-0{width:100% !important;}.fusion-builder-column-0 > .fusion-column-wrapper {margin-right : 0px;margin-left : 0px;}}@media only screen and (max-width:640px) {.fusion-body .fusion-builder-column-0{width:100% !important;}.fusion-builder-column-0 > .fusion-column-wrapper {margin-right : 0px;margin-left : 0px;}}<\/style><\/div><\/div><style type=\"text\/css\">.fusion-body .fusion-flex-container.fusion-builder-row-1{ padding-top : 0px;margin-top : 0px;padding-right : 0px;padding-bottom : 40px;margin-bottom : 0px;padding-left : 0px;}<\/style><\/div><div class=\"fusion-fullwidth fullwidth-box fusion-builder-row-2 fusion-flex-container fusion-parallax-none nonhundred-percent-fullwidth non-hundred-percent-height-scrolling lazyload\" style=\"background-color: #ffffff;background-position: center top;background-repeat: no-repeat;border-width: 0px 0px 0px 0px;border-color:#eae9e9;border-style:solid;-webkit-background-size:cover;-moz-background-size:cover;-o-background-size:cover;background-size:cover;\" data-bg=\"https:\/\/swisskeypartners.ch\/wp-content\/uploads\/2021\/10\/mskp-backup-02.jpg\" ><div class=\"fusion-builder-row fusion-row fusion-flex-align-items-stretch\" style=\"max-width:1216.8px;margin-left: calc(-4% \/ 2 );margin-right: calc(-4% \/ 2 );\"><div class=\"fusion-layout-column fusion_builder_column fusion-builder-column-1 fusion_builder_column_1_1 1_1 fusion-flex-column\"><div class=\"fusion-column-wrapper fusion-flex-justify-content-flex-start fusion-content-layout-column\" style=\"background-position:left top;background-repeat:no-repeat;-webkit-background-size:cover;-moz-background-size:cover;-o-background-size:cover;background-size:cover;padding: 0px 0px 0px 0px;\"><div class=\"fusion-text fusion-text-2\" style=\"text-transform:none;\"><h2 style=\"text-align: center\">ADAPT\u00c9 \u00c0 VOS BESOINS PARTICULIERS<\/h2>\n<\/div><\/div><style type=\"text\/css\">.fusion-body .fusion-builder-column-1{width:100% !important;margin-top : 0px;margin-bottom : 20px;}.fusion-builder-column-1 > .fusion-column-wrapper {padding-top : 0px !important;padding-right : 0px !important;margin-right : 1.92%;padding-bottom : 0px !important;padding-left : 0px !important;margin-left : 1.92%;}@media only screen and (max-width:1024px) {.fusion-body .fusion-builder-column-1{width:100% !important;order : 0;}.fusion-builder-column-1 > .fusion-column-wrapper {margin-right : 1.92%;margin-left : 1.92%;}}@media only screen and (max-width:640px) {.fusion-body .fusion-builder-column-1{width:100% !important;order : 0;}.fusion-builder-column-1 > .fusion-column-wrapper {margin-right : 1.92%;margin-left : 1.92%;}}<\/style><\/div><div class=\"fusion-layout-column fusion_builder_column fusion-builder-column-2 fusion_builder_column_1_4 1_4 fusion-flex-column\"><div class=\"fusion-column-wrapper fusion-column-has-shadow fusion-flex-justify-content-flex-start fusion-content-layout-column\" style=\"background-position:left top;background-repeat:no-repeat;-webkit-background-size:cover;-moz-background-size:cover;-o-background-size:cover;background-size:cover;border-radius:4px 4px 4px 4px;background-color:#d3d3d3;border-width: 2px 2px 2px 2px;border-color:#ffffff;border-style:solid;border-radius:4px 4px 4px 4px;overflow:hidden;box-shadow:2px 2px 2px ;;padding: 7px 7px 7px 7px;\"><div class=\"fusion-text fusion-text-3\" style=\"text-transform:none;\"><h3 class=\"fusion-responsive-typography-calculated\" style=\"text-align: center\" data-fontsize=\"28\" data-lineheight=\"44.8px\">Espace de sauvegarde<\/h3>\n<\/div><div class=\"fusion-text fusion-text-4\" style=\"text-transform:none;\"><p><img decoding=\"async\" class=\"lazyload alignnone wp-image-5758 aligncenter\" src=\"https:\/\/swisskeypartners.ch\/wp-content\/uploads\/2021\/11\/backup-300x300.png\" data-orig-src=\"https:\/\/swisskeypartners.ch\/wp-content\/uploads\/2021\/11\/backup-300x300.png\" alt=\"\" width=\"200\" height=\"200\" srcset=\"data:image\/svg+xml,%3Csvg%20xmlns%3D%27http%3A%2F%2Fwww.w3.org%2F2000%2Fsvg%27%20width%3D%27200%27%20height%3D%27200%27%20viewBox%3D%270%200%20200%20200%27%3E%3Crect%20width%3D%27200%27%20height%3D%27200%27%20fill-opacity%3D%220%22%2F%3E%3C%2Fsvg%3E\" data-srcset=\"https:\/\/swisskeypartners.ch\/wp-content\/uploads\/2021\/11\/backup-66x66.png 66w, https:\/\/swisskeypartners.ch\/wp-content\/uploads\/2021\/11\/backup-150x150.png 150w, https:\/\/swisskeypartners.ch\/wp-content\/uploads\/2021\/11\/backup-200x200.png 200w, https:\/\/swisskeypartners.ch\/wp-content\/uploads\/2021\/11\/backup-300x300.png 300w, https:\/\/swisskeypartners.ch\/wp-content\/uploads\/2021\/11\/backup-400x400.png 400w, https:\/\/swisskeypartners.ch\/wp-content\/uploads\/2021\/11\/backup.png 512w\" data-sizes=\"auto\" data-orig-sizes=\"(max-width: 200px) 100vw, 200px\" \/><\/p>\n<\/div><div class=\"fusion-text fusion-text-5\" style=\"text-transform:none;\"><ul>\n<li>Sauvegardes physiques et en ligne<\/li>\n<li>Cold Storage<\/li>\n<li>Disaster Recovery<\/li>\n<\/ul>\n<\/div><\/div><style type=\"text\/css\">.fusion-body .fusion-builder-column-2{width:25% !important;margin-top : 0px;margin-bottom : 40px;}.fusion-builder-column-2 > .fusion-column-wrapper {padding-top : 7px !important;padding-right : 7px !important;margin-right : 7.68%;padding-bottom : 7px !important;padding-left : 7px !important;margin-left : 7.68%;}@media only screen and (max-width:1024px) {.fusion-body .fusion-builder-column-2{width:100% !important;order : 0;}.fusion-builder-column-2 > .fusion-column-wrapper {margin-right : 1.92%;margin-left : 1.92%;}}@media only screen and (max-width:640px) {.fusion-body .fusion-builder-column-2{width:100% !important;order : 0;}.fusion-builder-column-2 > .fusion-column-wrapper {margin-right : 1.92%;margin-left : 1.92%;}}<\/style><\/div><div class=\"fusion-layout-column fusion_builder_column fusion-builder-column-3 fusion_builder_column_1_4 1_4 fusion-flex-column\"><div class=\"fusion-column-wrapper fusion-column-has-shadow fusion-flex-justify-content-flex-start fusion-content-layout-column\" style=\"background-position:left top;background-repeat:no-repeat;-webkit-background-size:cover;-moz-background-size:cover;-o-background-size:cover;background-size:cover;border-radius:4px 4px 4px 4px;background-color:#d3d3d3;border-width: 2px 2px 2px 2px;border-color:#ffffff;border-style:solid;border-radius:4px 4px 4px 4px;overflow:hidden;box-shadow:2px 2px 2px #000000;;padding: 7px 7px 7px 7px;\"><div class=\"fusion-text fusion-text-6\" style=\"text-transform:none;\"><h3 class=\"fusion-responsive-typography-calculated\" style=\"text-align: center\" data-fontsize=\"28\" data-lineheight=\"44.8px\">Stockage dans le cloud<\/h3>\n<\/div><div class=\"fusion-text fusion-text-7\" style=\"text-transform:none;\"><p><img decoding=\"async\" class=\"lazyload alignnone wp-image-5762 aligncenter\" src=\"https:\/\/swisskeypartners.ch\/wp-content\/uploads\/2021\/11\/cloud-300x300.png\" data-orig-src=\"https:\/\/swisskeypartners.ch\/wp-content\/uploads\/2021\/11\/cloud-300x300.png\" alt=\"\" width=\"200\" height=\"200\" srcset=\"data:image\/svg+xml,%3Csvg%20xmlns%3D%27http%3A%2F%2Fwww.w3.org%2F2000%2Fsvg%27%20width%3D%27200%27%20height%3D%27200%27%20viewBox%3D%270%200%20200%20200%27%3E%3Crect%20width%3D%27200%27%20height%3D%27200%27%20fill-opacity%3D%220%22%2F%3E%3C%2Fsvg%3E\" data-srcset=\"https:\/\/swisskeypartners.ch\/wp-content\/uploads\/2021\/11\/cloud-66x66.png 66w, https:\/\/swisskeypartners.ch\/wp-content\/uploads\/2021\/11\/cloud-150x150.png 150w, https:\/\/swisskeypartners.ch\/wp-content\/uploads\/2021\/11\/cloud-200x200.png 200w, https:\/\/swisskeypartners.ch\/wp-content\/uploads\/2021\/11\/cloud-300x300.png 300w, https:\/\/swisskeypartners.ch\/wp-content\/uploads\/2021\/11\/cloud-400x400.png 400w, https:\/\/swisskeypartners.ch\/wp-content\/uploads\/2021\/11\/cloud.png 512w\" data-sizes=\"auto\" data-orig-sizes=\"(max-width: 200px) 100vw, 200px\" \/><\/p>\n<\/div><div class=\"fusion-text fusion-text-8\" style=\"text-transform:none;\"><ul>\n<li><a href=\"https:\/\/swisskeypartners.ch\/fr\/offre\/stockage-dans-le-cloud\/\">mySKP Cloud<\/a><\/li>\n<li>Housing<\/li>\n<li>Archivage de documents<\/li>\n<\/ul>\n<\/div><\/div><style type=\"text\/css\">.fusion-body .fusion-builder-column-3{width:25% !important;margin-top : 0px;margin-bottom : 40px;}.fusion-builder-column-3 > .fusion-column-wrapper {padding-top : 7px !important;padding-right : 7px !important;margin-right : 7.68%;padding-bottom : 7px !important;padding-left : 7px !important;margin-left : 7.68%;}@media only screen and (max-width:1024px) {.fusion-body .fusion-builder-column-3{width:100% !important;order : 0;}.fusion-builder-column-3 > .fusion-column-wrapper {margin-right : 1.92%;margin-left : 1.92%;}}@media only screen and (max-width:640px) {.fusion-body .fusion-builder-column-3{width:100% !important;order : 0;}.fusion-builder-column-3 > .fusion-column-wrapper {margin-right : 1.92%;margin-left : 1.92%;}}<\/style><\/div><div class=\"fusion-layout-column fusion_builder_column fusion-builder-column-4 fusion_builder_column_1_2 1_2 fusion-flex-column\"><div class=\"fusion-column-wrapper fusion-flex-justify-content-flex-start fusion-content-layout-column\" style=\"background-position:left top;background-repeat:no-repeat;-webkit-background-size:cover;-moz-background-size:cover;-o-background-size:cover;background-size:cover;padding: 0px 0px 0px 0px;\"><style type=\"text\/css\">@media only screen and (max-width:1024px) {.fusion-title.fusion-title-2{margin-top:0px!important; margin-right:!important;margin-bottom:30px!important;margin-left:!important;}}<\/style><div class=\"fusion-title title fusion-title-2 fusion-title-text fusion-title-size-three\" style=\"margin-top:0px;margin-bottom:30px;\"><div class=\"title-sep-container title-sep-container-left fusion-no-large-visibility fusion-no-medium-visibility fusion-no-small-visibility\"><div class=\"title-sep sep-\" style=\"border-color:#e0dede;\"><\/div><\/div><span class=\"awb-title-spacer fusion-no-large-visibility fusion-no-medium-visibility fusion-no-small-visibility\"><\/span><h3 class=\"title-heading-left fusion-responsive-typography-calculated\" style=\"margin:0;--fontSize:28;line-height:1.6;\">Informations compl\u00e9mentaires<\/h3><span class=\"awb-title-spacer\"><\/span><div class=\"title-sep-container title-sep-container-right\"><div class=\"title-sep sep-\" style=\"border-color:#e0dede;\"><\/div><\/div><\/div><div class=\"fusion-text fusion-text-9\" style=\"text-transform:none;\"><p style=\"text-align: left\">Pour plus d&rsquo;informations, n&rsquo;h\u00e9sitez pas \u00e0 nous contacter par t\u00e9l\u00e9phone au +41 71 520 47 06. Vous pouvez aussi nous \u00e9crire \u00e0<br \/>\n<a href=\"mailto:info@swisskeypartners.ch\">info@swisskeypartners.ch<\/a> afin d&rsquo;arranger un rendez-vous personnalis\u00e9 ou bien pour toute autre question.<\/p>\n<\/div><div ><style>.fusion-body .fusion-button.button-1{border-radius:0 0 0 0;}<\/style><a class=\"fusion-button button-flat fusion-button-default-size button-default button-1 fusion-button-default-span fusion-button-default-type\" target=\"_self\" href=\"https:\/\/swisskeypartners.ch\/fr\/contact\/\"><span class=\"fusion-button-text\">Contact<\/span><\/a><\/div><\/div><style type=\"text\/css\">.fusion-body .fusion-builder-column-4{width:50% !important;margin-top : 0px;margin-bottom : 0px;}.fusion-builder-column-4 > .fusion-column-wrapper {padding-top : 0px !important;padding-right : 0px !important;margin-right : 3.84%;padding-bottom : 0px !important;padding-left : 0px !important;margin-left : 6.72%;}@media only screen and (max-width:1024px) {.fusion-body .fusion-builder-column-4{width:100% !important;order : 0;}.fusion-builder-column-4 > .fusion-column-wrapper {margin-right : 1.92%;margin-left : 1.92%;}}@media only screen and (max-width:640px) {.fusion-body .fusion-builder-column-4{width:100% !important;order : 0;}.fusion-builder-column-4 > .fusion-column-wrapper {margin-right : 1.92%;margin-left : 1.92%;}}<\/style><\/div><\/div><style type=\"text\/css\">.fusion-body .fusion-flex-container.fusion-builder-row-2{ padding-top : 120px;margin-top : 0px;padding-right : 0px;padding-bottom : 120px;margin-bottom : 0px;padding-left : 0px;}<\/style><\/div><\/p>\n","protected":false},"excerpt":{"rendered":"","protected":false},"author":2,"featured_media":0,"parent":8846,"menu_order":0,"comment_status":"closed","ping_status":"closed","template":"100-width.php","meta":{"footnotes":""},"class_list":["post-8850","page","type-page","status-publish","hentry"],"yoast_head":"<!-- This site is optimized with the Yoast SEO plugin v19.10 - https:\/\/yoast.com\/wordpress\/plugins\/seo\/ -->\n<title>mySKP Backup - My Swiss Key Partners AG<\/title>\n<meta name=\"description\" content=\"mySKP Backup propose des backups s\u00e9curis\u00e9s aux entreprises, ainsi qu&#039;\u00e0 d&#039;autres collectivit\u00e9s.\" \/>\n<meta name=\"robots\" content=\"index, follow, max-snippet:-1, max-image-preview:large, max-video-preview:-1\" \/>\n<link rel=\"canonical\" href=\"https:\/\/swisskeypartners.ch\/fr\/offre\/backup-cloud\/\" \/>\n<meta property=\"og:locale\" content=\"fr_FR\" \/>\n<meta property=\"og:type\" content=\"article\" \/>\n<meta property=\"og:title\" content=\"mySKP Backup - My Swiss Key Partners AG\" \/>\n<meta property=\"og:description\" content=\"mySKP Backup propose des backups s\u00e9curis\u00e9s aux entreprises, ainsi qu&#039;\u00e0 d&#039;autres collectivit\u00e9s.\" \/>\n<meta property=\"og:url\" content=\"https:\/\/swisskeypartners.ch\/fr\/offre\/backup-cloud\/\" \/>\n<meta property=\"og:site_name\" content=\"My Swiss Key Partners AG\" \/>\n<meta property=\"article:modified_time\" content=\"2022-02-11T16:26:26+00:00\" \/>\n<meta property=\"og:image\" content=\"https:\/\/swisskeypartners.ch\/wp-content\/uploads\/2021\/11\/backup-300x300.png\" \/>\n<meta name=\"twitter:card\" content=\"summary_large_image\" \/>\n<meta name=\"twitter:label1\" content=\"Dur\u00e9e de lecture estim\u00e9e\" \/>\n\t<meta name=\"twitter:data1\" content=\"15 minutes\" \/>\n<script type=\"application\/ld+json\" class=\"yoast-schema-graph\">{\"@context\":\"https:\/\/schema.org\",\"@graph\":[{\"@type\":\"WebPage\",\"@id\":\"https:\/\/swisskeypartners.ch\/fr\/offre\/backup-cloud\/\",\"url\":\"https:\/\/swisskeypartners.ch\/fr\/offre\/backup-cloud\/\",\"name\":\"mySKP Backup - My Swiss Key Partners AG\",\"isPartOf\":{\"@id\":\"https:\/\/swisskeypartners.ch\/fr\/#website\"},\"datePublished\":\"2021-12-07T11:10:53+00:00\",\"dateModified\":\"2022-02-11T16:26:26+00:00\",\"description\":\"mySKP Backup propose des backups s\u00e9curis\u00e9s aux entreprises, ainsi qu'\u00e0 d'autres collectivit\u00e9s.\",\"breadcrumb\":{\"@id\":\"https:\/\/swisskeypartners.ch\/fr\/offre\/backup-cloud\/#breadcrumb\"},\"inLanguage\":\"fr-FR\",\"potentialAction\":[{\"@type\":\"ReadAction\",\"target\":[\"https:\/\/swisskeypartners.ch\/fr\/offre\/backup-cloud\/\"]}]},{\"@type\":\"BreadcrumbList\",\"@id\":\"https:\/\/swisskeypartners.ch\/fr\/offre\/backup-cloud\/#breadcrumb\",\"itemListElement\":[{\"@type\":\"ListItem\",\"position\":1,\"name\":\"Startseite\",\"item\":\"https:\/\/swisskeypartners.ch\/fr\/myswisskeypartners\/\"},{\"@type\":\"ListItem\",\"position\":2,\"name\":\"Offre\",\"item\":\"https:\/\/swisskeypartners.ch\/fr\/offre\/\"},{\"@type\":\"ListItem\",\"position\":3,\"name\":\"mySKP Backup\"}]},{\"@type\":\"WebSite\",\"@id\":\"https:\/\/swisskeypartners.ch\/fr\/#website\",\"url\":\"https:\/\/swisskeypartners.ch\/fr\/\",\"name\":\"My Swiss Key Partners AG\",\"description\":\"\",\"potentialAction\":[{\"@type\":\"SearchAction\",\"target\":{\"@type\":\"EntryPoint\",\"urlTemplate\":\"https:\/\/swisskeypartners.ch\/fr\/?s={search_term_string}\"},\"query-input\":\"required name=search_term_string\"}],\"inLanguage\":\"fr-FR\"}]}<\/script>\n<!-- \/ Yoast SEO plugin. -->","yoast_head_json":{"title":"mySKP Backup - My Swiss Key Partners AG","description":"mySKP Backup propose des backups s\u00e9curis\u00e9s aux entreprises, ainsi qu'\u00e0 d'autres collectivit\u00e9s.","robots":{"index":"index","follow":"follow","max-snippet":"max-snippet:-1","max-image-preview":"max-image-preview:large","max-video-preview":"max-video-preview:-1"},"canonical":"https:\/\/swisskeypartners.ch\/fr\/offre\/backup-cloud\/","og_locale":"fr_FR","og_type":"article","og_title":"mySKP Backup - My Swiss Key Partners AG","og_description":"mySKP Backup propose des backups s\u00e9curis\u00e9s aux entreprises, ainsi qu'\u00e0 d'autres collectivit\u00e9s.","og_url":"https:\/\/swisskeypartners.ch\/fr\/offre\/backup-cloud\/","og_site_name":"My Swiss Key Partners AG","article_modified_time":"2022-02-11T16:26:26+00:00","og_image":[{"url":"https:\/\/swisskeypartners.ch\/wp-content\/uploads\/2021\/11\/backup-300x300.png"}],"twitter_card":"summary_large_image","twitter_misc":{"Dur\u00e9e de lecture estim\u00e9e":"15 minutes"},"schema":{"@context":"https:\/\/schema.org","@graph":[{"@type":"WebPage","@id":"https:\/\/swisskeypartners.ch\/fr\/offre\/backup-cloud\/","url":"https:\/\/swisskeypartners.ch\/fr\/offre\/backup-cloud\/","name":"mySKP Backup - My Swiss Key Partners AG","isPartOf":{"@id":"https:\/\/swisskeypartners.ch\/fr\/#website"},"datePublished":"2021-12-07T11:10:53+00:00","dateModified":"2022-02-11T16:26:26+00:00","description":"mySKP Backup propose des backups s\u00e9curis\u00e9s aux entreprises, ainsi qu'\u00e0 d'autres collectivit\u00e9s.","breadcrumb":{"@id":"https:\/\/swisskeypartners.ch\/fr\/offre\/backup-cloud\/#breadcrumb"},"inLanguage":"fr-FR","potentialAction":[{"@type":"ReadAction","target":["https:\/\/swisskeypartners.ch\/fr\/offre\/backup-cloud\/"]}]},{"@type":"BreadcrumbList","@id":"https:\/\/swisskeypartners.ch\/fr\/offre\/backup-cloud\/#breadcrumb","itemListElement":[{"@type":"ListItem","position":1,"name":"Startseite","item":"https:\/\/swisskeypartners.ch\/fr\/myswisskeypartners\/"},{"@type":"ListItem","position":2,"name":"Offre","item":"https:\/\/swisskeypartners.ch\/fr\/offre\/"},{"@type":"ListItem","position":3,"name":"mySKP Backup"}]},{"@type":"WebSite","@id":"https:\/\/swisskeypartners.ch\/fr\/#website","url":"https:\/\/swisskeypartners.ch\/fr\/","name":"My Swiss Key Partners AG","description":"","potentialAction":[{"@type":"SearchAction","target":{"@type":"EntryPoint","urlTemplate":"https:\/\/swisskeypartners.ch\/fr\/?s={search_term_string}"},"query-input":"required name=search_term_string"}],"inLanguage":"fr-FR"}]}},"_links":{"self":[{"href":"https:\/\/swisskeypartners.ch\/fr\/wp-json\/wp\/v2\/pages\/8850","targetHints":{"allow":["GET"]}}],"collection":[{"href":"https:\/\/swisskeypartners.ch\/fr\/wp-json\/wp\/v2\/pages"}],"about":[{"href":"https:\/\/swisskeypartners.ch\/fr\/wp-json\/wp\/v2\/types\/page"}],"author":[{"embeddable":true,"href":"https:\/\/swisskeypartners.ch\/fr\/wp-json\/wp\/v2\/users\/2"}],"replies":[{"embeddable":true,"href":"https:\/\/swisskeypartners.ch\/fr\/wp-json\/wp\/v2\/comments?post=8850"}],"version-history":[{"count":18,"href":"https:\/\/swisskeypartners.ch\/fr\/wp-json\/wp\/v2\/pages\/8850\/revisions"}],"predecessor-version":[{"id":10232,"href":"https:\/\/swisskeypartners.ch\/fr\/wp-json\/wp\/v2\/pages\/8850\/revisions\/10232"}],"up":[{"embeddable":true,"href":"https:\/\/swisskeypartners.ch\/fr\/wp-json\/wp\/v2\/pages\/8846"}],"wp:attachment":[{"href":"https:\/\/swisskeypartners.ch\/fr\/wp-json\/wp\/v2\/media?parent=8850"}],"curies":[{"name":"wp","href":"https:\/\/api.w.org\/{rel}","templated":true}]}}