{"id":7491,"date":"2021-11-23T16:01:04","date_gmt":"2021-11-23T15:01:04","guid":{"rendered":"https:\/\/swisskeypartners.ch\/data-protection\/"},"modified":"2022-01-31T17:05:10","modified_gmt":"2022-01-31T16:05:10","slug":"data-protection","status":"publish","type":"page","link":"https:\/\/swisskeypartners.ch\/en\/data-protection\/","title":{"rendered":"Data protection"},"content":{"rendered":"<div class=\"fusion-fullwidth fullwidth-box fusion-builder-row-1 fusion-flex-container nonhundred-percent-fullwidth non-hundred-percent-height-scrolling\" style=\"background-color: #ffffff;background-position: center center;background-repeat: no-repeat;border-width: 0px 0px 0px 0px;border-color:#eae9e9;border-style:solid;\" ><div class=\"fusion-builder-row fusion-row fusion-flex-align-items-flex-start\" style=\"max-width:1216.8px;margin-left: calc(-4% \/ 2 );margin-right: calc(-4% \/ 2 );\"><div class=\"fusion-layout-column fusion_builder_column fusion-builder-column-0 fusion_builder_column_3_4 3_4 fusion-flex-column\"><div class=\"fusion-column-wrapper fusion-flex-justify-content-flex-start fusion-content-layout-column\" style=\"background-position:left top;background-repeat:no-repeat;-webkit-background-size:cover;-moz-background-size:cover;-o-background-size:cover;background-size:cover;padding: 0px 0px 0px 0px;\"><div class=\"fusion-text fusion-text-1\" style=\"text-transform:none;\"><h2>Legals<\/h2>\n<p>This website is subject to Swiss data protection law and &#8211; if applicable &#8211; other data protection provisions such as the General Data Protection Regulation of the European Union (GDPR).<\/p>\n<p>The present data protection declaration published on this website can be adapted at any time without prior notice.<\/p>\n<h2><img decoding=\"async\" class=\"lazyload alignnone wp-image-4050\" src=\"data:image\/svg+xml,%3Csvg%20xmlns%3D%27http%3A%2F%2Fwww.w3.org%2F2000%2Fsvg%27%20width%3D%2716%27%20height%3D%2716%27%20viewBox%3D%270%200%2016%2016%27%3E%3Crect%20width%3D%2716%27%20height%3D%2716%27%20fill-opacity%3D%220%22%2F%3E%3C%2Fsvg%3E\" data-orig-src=\"https:\/\/swisskeypartners.ch\/wp-content\/uploads\/2021\/10\/favicon.png\" alt=\"Switzerland Logo\" width=\"16\" height=\"16\">Copyright<\/h2>\n<p>The contents of the website may not be reproduced, transmitted or disseminated for commercial purposes. If this is the case, we would like to be informed.<\/p>\n<p>Photos may not just be used in any context, and the copyright must always be cited. The mySwissKeyPartner logo is protected and may not be used.<\/p>\n<p>Please do not hesitate to contact us with any questions concerning copyright or user rights for our materials at <a href=\"mailto:info@swisskeypartners.ch\">info@swisskeypartners.ch<\/a>.<\/p>\n<h2><img decoding=\"async\" class=\"lazyload alignnone wp-image-4050\" src=\"data:image\/svg+xml,%3Csvg%20xmlns%3D%27http%3A%2F%2Fwww.w3.org%2F2000%2Fsvg%27%20width%3D%2716%27%20height%3D%2716%27%20viewBox%3D%270%200%2016%2016%27%3E%3Crect%20width%3D%2716%27%20height%3D%2716%27%20fill-opacity%3D%220%22%2F%3E%3C%2Fsvg%3E\" data-orig-src=\"https:\/\/swisskeypartners.ch\/wp-content\/uploads\/2021\/10\/favicon.png\" alt=\"Switzerland Logo\" width=\"16\" height=\"16\">Responsibility<\/h2>\n<p>Despite the careful attention paid to the accuracy of the information on its website, mySwissKeyPartners liability for the correctness, accuracy, relevance, reliability or completeness of the information. mySwissKeyPartners expressly reserves the right to change in part or in full, delete or temporarily not publish the contents at any time and without giving notice.<\/p>\n<p>mySwissKeyPartners shall not be liable for any tangible or intangible damage arising from accessing, using or not using the published information, from the misuse of the online connection or through technical failure.<\/p>\n<h2><img decoding=\"async\" class=\"lazyload alignnone wp-image-4050\" src=\"data:image\/svg+xml,%3Csvg%20xmlns%3D%27http%3A%2F%2Fwww.w3.org%2F2000%2Fsvg%27%20width%3D%2716%27%20height%3D%2716%27%20viewBox%3D%270%200%2016%2016%27%3E%3Crect%20width%3D%2716%27%20height%3D%2716%27%20fill-opacity%3D%220%22%2F%3E%3C%2Fsvg%3E\" data-orig-src=\"https:\/\/swisskeypartners.ch\/wp-content\/uploads\/2021\/10\/favicon.png\" alt=\"Switzerland Logo\" width=\"16\" height=\"16\">Links and references<\/h2>\n<p>mySwissKeyPartners is not responsible for links and references to third party websites. Accessing and using such websites are at the user&#8217;s risk. mySwissKeyPartners expressly states that it has no influence on the form, content or offers of linked third party websites. Any information or services provided by these websites are the sole responsibility of the authors.<\/p>\n<h2><img decoding=\"async\" class=\"lazyload alignnone wp-image-4050\" src=\"data:image\/svg+xml,%3Csvg%20xmlns%3D%27http%3A%2F%2Fwww.w3.org%2F2000%2Fsvg%27%20width%3D%2716%27%20height%3D%2716%27%20viewBox%3D%270%200%2016%2016%27%3E%3Crect%20width%3D%2716%27%20height%3D%2716%27%20fill-opacity%3D%220%22%2F%3E%3C%2Fsvg%3E\" data-orig-src=\"https:\/\/swisskeypartners.ch\/wp-content\/uploads\/2021\/10\/favicon.png\" alt=\"Switzerland Logo\" width=\"16\" height=\"16\">Data protection<\/h2>\n<p>Article 13 of the Swiss Federal Constitution and Swiss federal data protection legislation provide that every person has the right to privacy and protection from misuse of their personal data. The Swiss federal authorities strictly adhere to these rules. Your personal data will be handled in a strictly confidential manner and will not be sold or transferred to third parties.<\/p>\n<p>We work closely with our hosting providers to protect against unauthorised access to our databases and to prevent the loss, misuse or falsification of data.<\/p>\n<p>The following data is recorded when you access our website: IP address, date, time, browser request and general information regarding your operating system and browser.<\/p>\n<p>The mySwissKeyPartners authorities may use this data to carry out anonymised statistical analyses in order to identify trends that can be used to optimise our service. The Federal Act on the Surveillance of Postal and Telecommunications Traffic (SPTA) stipulates that connection data must be retained for at least six months.<\/p>\n<p>We use the web analytics tool Matomo (formerly Piwik) to optimise our online content. Your data will not be used for any other purpose or disclosed to third parties.<\/p>\n<p>However, these rules do not apply if you contact us. If you register your email address, it will be stored in a separate database which is not linked to the anonymous data log. You can cancel your registration at any time.<\/p>\n<p>You can opt out of having your activity tracked on this website. Doing so will protect your privacy, but will also prevent the owner from learning from your actions and creating a better experience for you and other users.<code><\/code><\/p>\n<h2><img decoding=\"async\" class=\"lazyload alignnone wp-image-4050\" src=\"data:image\/svg+xml,%3Csvg%20xmlns%3D%27http%3A%2F%2Fwww.w3.org%2F2000%2Fsvg%27%20width%3D%2716%27%20height%3D%2716%27%20viewBox%3D%270%200%2016%2016%27%3E%3Crect%20width%3D%2716%27%20height%3D%2716%27%20fill-opacity%3D%220%22%2F%3E%3C%2Fsvg%3E\" data-orig-src=\"https:\/\/swisskeypartners.ch\/wp-content\/uploads\/2021\/10\/favicon.png\" alt=\"Switzerland Logo\" width=\"16\" height=\"16\">Responsible body and contact<\/h2>\n<p>Responsible body for the collection, processing and use of your personal data within the meaning of the data protection regulations is<\/p>\n<p>mySwissKeyPartner AG\nHauptstrasse 57\n9422 Staad<\/p>\n<\/div><\/div><style type=\"text\/css\">.fusion-body .fusion-builder-column-0{width:75% !important;margin-top : 0px;margin-bottom : 20px;}.fusion-builder-column-0 > .fusion-column-wrapper {padding-top : 0px !important;padding-right : 0px !important;margin-right : 2.56%;padding-bottom : 0px !important;padding-left : 0px !important;margin-left : 2.56%;}@media only screen and (max-width:1024px) {.fusion-body .fusion-builder-column-0{width:100% !important;order : 0;}.fusion-builder-column-0 > .fusion-column-wrapper {margin-right : 1.92%;margin-left : 1.92%;}}@media only screen and (max-width:640px) {.fusion-body .fusion-builder-column-0{width:100% !important;order : 0;}.fusion-builder-column-0 > .fusion-column-wrapper {margin-right : 1.92%;margin-left : 1.92%;}}<\/style><\/div><div class=\"fusion-layout-column fusion_builder_column fusion-builder-column-1 fusion_builder_column_1_4 1_4 fusion-flex-column fusion-no-small-visibility\"><div class=\"fusion-column-wrapper fusion-flex-justify-content-flex-start fusion-content-layout-column\" style=\"background-position:left top;background-repeat:no-repeat;-webkit-background-size:cover;-moz-background-size:cover;-o-background-size:cover;background-size:cover;padding: 0px 0px 0px 0px;\"><div class=\"fusion-text fusion-text-2\" style=\"text-transform:none;\"><ul>\n<li><strong>Data protection<\/strong><\/li>\n<li><a href=\"https:\/\/swisskeypartners.ch\/en\/sitemap\/\">Sitemap<\/a><\/li>\n<li><a href=\"https:\/\/swisskeypartners.ch\/en\/imprint\/\">Imprint<\/a><\/li>\n<\/ul>\n<\/div><\/div><style type=\"text\/css\">.fusion-body .fusion-builder-column-1{width:25% !important;margin-top : 50px;margin-bottom : 20px;}.fusion-builder-column-1 > .fusion-column-wrapper {padding-top : 0px !important;padding-right : 0px !important;margin-right : 15.36%;padding-bottom : 0px !important;padding-left : 0px !important;margin-left : 7.68%;}@media only screen and (max-width:1024px) {.fusion-body .fusion-builder-column-1{width:100% !important;order : 0;}.fusion-builder-column-1 > .fusion-column-wrapper {margin-right : 1.92%;margin-left : 1.92%;}}@media only screen and (max-width:640px) {.fusion-body .fusion-builder-column-1{width:100% !important;order : 0;}.fusion-builder-column-1 > .fusion-column-wrapper {margin-right : 1.92%;margin-left : 1.92%;}}<\/style><\/div><div class=\"fusion-layout-column fusion_builder_column fusion-builder-column-2 fusion_builder_column_1_1 1_1 fusion-flex-column\"><div class=\"fusion-column-wrapper fusion-flex-justify-content-flex-start fusion-content-layout-column\" style=\"background-position:left top;background-repeat:no-repeat;-webkit-background-size:cover;-moz-background-size:cover;-o-background-size:cover;background-size:cover;padding: 0px 0px 0px 0px;\"><div class=\"fusion-separator fusion-full-width-sep\" style=\"align-self: center;margin-left: auto;margin-right: auto;margin-top:20px;margin-bottom:20px;width:100%;\"><div class=\"fusion-separator-border sep-single sep-solid\" style=\"border-color:#a8a6a6;border-top-width:1px;\"><\/div><\/div><div class=\"fusion-text fusion-text-3\" style=\"text-transform:none;\"><p><code><p id=\"matomo_opted_out_intro\" style=\"display:none;\">Opt-out abgeschlossen; Ihre Besuche auf dieser Webseite werden nicht vom Webanalysetool erfasst. Bitte beachten Sie, dass auch der Matomo-Deaktivierungs-Cookie dieser Webseite gel\u00f6scht wird, wenn Sie die in Ihrem Browser abgelegten Cookies entfernen. Au\u00dferdem m\u00fcssen Sie, wenn Sie einen anderen Computer oder einen anderen Webbrowser verwenden, die Deaktivierungsprozedur nochmals absolvieren.<\/p><p id=\"matomo_opted_in_intro\" >Sie haben die M\u00f6glichkeit zu verhindern, dass von Ihnen hier get\u00e4tigte Aktionen analysiert und verkn\u00fcpft werden. Dies wird Ihre Privatsph\u00e4re sch\u00fctzen, aber wird auch den Besitzer daran hindern, aus Ihren Aktionen zu lernen und die Bedienbarkeit f\u00fcr Sie und andere Benutzer zu verbessern.<\/p><form>\n        <input type=\"checkbox\" id=\"matomo_optout_checkbox\" checked=\"checked\"\/>\n        <label for=\"matomo_optout_checkbox\"><strong>\n        <span id=\"matomo_opted_in_label\" >Ihr Besuch dieser Webseite wird aktuell von der Matomo Webanalyse erfasst. Diese Checkbox abw\u00e4hlen f\u00fcr Opt-Out.<\/span>\n\t\t<span id=\"matomo_opted_out_label\" style=\"display:none;\">Ihr Besuch dieser Webseite wird aktuell von der Matomo Webanalyse nicht erfasst. Diese Checkbox aktivieren f\u00fcr Opt-In.<\/span>\n        <\/strong><\/label><\/form><noscript><p><strong style=\"color: #ff0000;\">This opt out feature requires JavaScript.<\/strong><\/p><\/noscript><p id=\"matomo_outout_err_cookies\" style=\"display: none;\"><strong>Die Tracking opt-out Funktion ben\u00f6tigt aktivierte Cookies.<\/strong><\/p><\/code><\/p>\n<\/div><\/div><style type=\"text\/css\">.fusion-body .fusion-builder-column-2{width:100% !important;margin-top : 0px;margin-bottom : 20px;}.fusion-builder-column-2 > .fusion-column-wrapper {padding-top : 0px !important;padding-right : 0px !important;margin-right : 1.92%;padding-bottom : 0px !important;padding-left : 0px !important;margin-left : 1.92%;}@media only screen and (max-width:1024px) {.fusion-body .fusion-builder-column-2{width:100% !important;order : 0;}.fusion-builder-column-2 > .fusion-column-wrapper {margin-right : 1.92%;margin-left : 1.92%;}}@media only screen and (max-width:640px) {.fusion-body .fusion-builder-column-2{width:100% !important;order : 0;}.fusion-builder-column-2 > .fusion-column-wrapper {margin-right : 1.92%;margin-left : 1.92%;}}<\/style><\/div><\/div><style type=\"text\/css\">.fusion-body .fusion-flex-container.fusion-builder-row-1{ padding-top : 90px;margin-top : 0px;padding-right : 0px;padding-bottom : 72px;margin-bottom : 0px;padding-left : 0px;}<\/style><\/div><!-- \/wp:post-content -->","protected":false},"excerpt":{"rendered":"","protected":false},"author":2,"featured_media":0,"parent":0,"menu_order":0,"comment_status":"closed","ping_status":"closed","template":"100-width.php","meta":{"footnotes":""},"class_list":["post-7491","page","type-page","status-publish","hentry"],"yoast_head":"<!-- This site is optimized with the Yoast SEO plugin v19.10 - https:\/\/yoast.com\/wordpress\/plugins\/seo\/ -->\n<title>Data protection - My Swiss Key Partners AG<\/title>\n<meta name=\"description\" content=\"Data protection mySwissKeyPartners AG. Hauptstrasse 57, CH-9422 Staad\" \/>\n<meta name=\"robots\" content=\"index, follow, max-snippet:-1, max-image-preview:large, max-video-preview:-1\" \/>\n<link rel=\"canonical\" href=\"https:\/\/swisskeypartners.ch\/en\/data-protection\/\" \/>\n<meta property=\"og:locale\" content=\"en_US\" \/>\n<meta property=\"og:type\" content=\"article\" \/>\n<meta property=\"og:title\" content=\"Data protection - My Swiss Key Partners AG\" \/>\n<meta property=\"og:description\" content=\"Data protection mySwissKeyPartners AG. Hauptstrasse 57, CH-9422 Staad\" \/>\n<meta property=\"og:url\" content=\"https:\/\/swisskeypartners.ch\/en\/data-protection\/\" \/>\n<meta property=\"og:site_name\" content=\"My Swiss Key Partners AG\" \/>\n<meta property=\"article:modified_time\" content=\"2022-01-31T16:05:10+00:00\" \/>\n<meta property=\"og:image\" content=\"https:\/\/swisskeypartners.ch\/wp-content\/uploads\/2021\/10\/favicon.png\" \/>\n<meta name=\"twitter:card\" content=\"summary_large_image\" \/>\n<meta name=\"twitter:label1\" content=\"Est. reading time\" \/>\n\t<meta name=\"twitter:data1\" content=\"9 minutes\" \/>\n<script type=\"application\/ld+json\" class=\"yoast-schema-graph\">{\"@context\":\"https:\/\/schema.org\",\"@graph\":[{\"@type\":\"WebPage\",\"@id\":\"https:\/\/swisskeypartners.ch\/en\/data-protection\/\",\"url\":\"https:\/\/swisskeypartners.ch\/en\/data-protection\/\",\"name\":\"Data protection - My Swiss Key Partners AG\",\"isPartOf\":{\"@id\":\"https:\/\/swisskeypartners.ch\/en\/#website\"},\"datePublished\":\"2021-11-23T15:01:04+00:00\",\"dateModified\":\"2022-01-31T16:05:10+00:00\",\"description\":\"Data protection mySwissKeyPartners AG. Hauptstrasse 57, CH-9422 Staad\",\"breadcrumb\":{\"@id\":\"https:\/\/swisskeypartners.ch\/en\/data-protection\/#breadcrumb\"},\"inLanguage\":\"en-US\",\"potentialAction\":[{\"@type\":\"ReadAction\",\"target\":[\"https:\/\/swisskeypartners.ch\/en\/data-protection\/\"]}]},{\"@type\":\"BreadcrumbList\",\"@id\":\"https:\/\/swisskeypartners.ch\/en\/data-protection\/#breadcrumb\",\"itemListElement\":[{\"@type\":\"ListItem\",\"position\":1,\"name\":\"Startseite\",\"item\":\"https:\/\/swisskeypartners.ch\/en\/myswisskeypartners\/\"},{\"@type\":\"ListItem\",\"position\":2,\"name\":\"Data protection\"}]},{\"@type\":\"WebSite\",\"@id\":\"https:\/\/swisskeypartners.ch\/en\/#website\",\"url\":\"https:\/\/swisskeypartners.ch\/en\/\",\"name\":\"My Swiss Key Partners AG\",\"description\":\"\",\"potentialAction\":[{\"@type\":\"SearchAction\",\"target\":{\"@type\":\"EntryPoint\",\"urlTemplate\":\"https:\/\/swisskeypartners.ch\/en\/?s={search_term_string}\"},\"query-input\":\"required name=search_term_string\"}],\"inLanguage\":\"en-US\"}]}<\/script>\n<!-- \/ Yoast SEO plugin. -->","yoast_head_json":{"title":"Data protection - My Swiss Key Partners AG","description":"Data protection mySwissKeyPartners AG. Hauptstrasse 57, CH-9422 Staad","robots":{"index":"index","follow":"follow","max-snippet":"max-snippet:-1","max-image-preview":"max-image-preview:large","max-video-preview":"max-video-preview:-1"},"canonical":"https:\/\/swisskeypartners.ch\/en\/data-protection\/","og_locale":"en_US","og_type":"article","og_title":"Data protection - My Swiss Key Partners AG","og_description":"Data protection mySwissKeyPartners AG. Hauptstrasse 57, CH-9422 Staad","og_url":"https:\/\/swisskeypartners.ch\/en\/data-protection\/","og_site_name":"My Swiss Key Partners AG","article_modified_time":"2022-01-31T16:05:10+00:00","og_image":[{"url":"https:\/\/swisskeypartners.ch\/wp-content\/uploads\/2021\/10\/favicon.png"}],"twitter_card":"summary_large_image","twitter_misc":{"Est. reading time":"9 minutes"},"schema":{"@context":"https:\/\/schema.org","@graph":[{"@type":"WebPage","@id":"https:\/\/swisskeypartners.ch\/en\/data-protection\/","url":"https:\/\/swisskeypartners.ch\/en\/data-protection\/","name":"Data protection - My Swiss Key Partners AG","isPartOf":{"@id":"https:\/\/swisskeypartners.ch\/en\/#website"},"datePublished":"2021-11-23T15:01:04+00:00","dateModified":"2022-01-31T16:05:10+00:00","description":"Data protection mySwissKeyPartners AG. Hauptstrasse 57, CH-9422 Staad","breadcrumb":{"@id":"https:\/\/swisskeypartners.ch\/en\/data-protection\/#breadcrumb"},"inLanguage":"en-US","potentialAction":[{"@type":"ReadAction","target":["https:\/\/swisskeypartners.ch\/en\/data-protection\/"]}]},{"@type":"BreadcrumbList","@id":"https:\/\/swisskeypartners.ch\/en\/data-protection\/#breadcrumb","itemListElement":[{"@type":"ListItem","position":1,"name":"Startseite","item":"https:\/\/swisskeypartners.ch\/en\/myswisskeypartners\/"},{"@type":"ListItem","position":2,"name":"Data protection"}]},{"@type":"WebSite","@id":"https:\/\/swisskeypartners.ch\/en\/#website","url":"https:\/\/swisskeypartners.ch\/en\/","name":"My Swiss Key Partners AG","description":"","potentialAction":[{"@type":"SearchAction","target":{"@type":"EntryPoint","urlTemplate":"https:\/\/swisskeypartners.ch\/en\/?s={search_term_string}"},"query-input":"required name=search_term_string"}],"inLanguage":"en-US"}]}},"_links":{"self":[{"href":"https:\/\/swisskeypartners.ch\/en\/wp-json\/wp\/v2\/pages\/7491","targetHints":{"allow":["GET"]}}],"collection":[{"href":"https:\/\/swisskeypartners.ch\/en\/wp-json\/wp\/v2\/pages"}],"about":[{"href":"https:\/\/swisskeypartners.ch\/en\/wp-json\/wp\/v2\/types\/page"}],"author":[{"embeddable":true,"href":"https:\/\/swisskeypartners.ch\/en\/wp-json\/wp\/v2\/users\/2"}],"replies":[{"embeddable":true,"href":"https:\/\/swisskeypartners.ch\/en\/wp-json\/wp\/v2\/comments?post=7491"}],"version-history":[{"count":11,"href":"https:\/\/swisskeypartners.ch\/en\/wp-json\/wp\/v2\/pages\/7491\/revisions"}],"predecessor-version":[{"id":9951,"href":"https:\/\/swisskeypartners.ch\/en\/wp-json\/wp\/v2\/pages\/7491\/revisions\/9951"}],"wp:attachment":[{"href":"https:\/\/swisskeypartners.ch\/en\/wp-json\/wp\/v2\/media?parent=7491"}],"curies":[{"name":"wp","href":"https:\/\/api.w.org\/{rel}","templated":true}]}}